{"id":4098,"date":"2026-05-05T19:08:56","date_gmt":"2026-05-05T19:08:56","guid":{"rendered":"https:\/\/dyerdepot.com\/?post_type=product&#038;p=4098"},"modified":"2026-05-05T19:29:03","modified_gmt":"2026-05-05T19:29:03","slug":"alpaca-sock-copy","status":"publish","type":"product","link":"https:\/\/dyerdepot.com\/fr\/product\/alpaca-sock-copy\/","title":{"rendered":"Alpaga Nuage"},"content":{"rendered":"<p>Alpaca Nuage semble presque irr\u00e9el d\u00e8s que vous le touchez &#8211; incroyablement l\u00e9ger, a\u00e9rien et envelopp\u00e9 d&rsquo;un halo doux qui rivalise avec le mohair, sans les d\u00e9mangeaisons ou les probl\u00e8mes de sensibilit\u00e9.<\/p>\n<p>Pour les teinturiers, cette base modifie le comportement de la couleur. Les nuances s&rsquo;adoucissent au contact, la saturation se diffuse et les tons s&rsquo;installent dans une brume calme et lumineuse. Le r\u00e9sultat n&rsquo;est pas un d\u00e9p\u00f4t audacieux de couleur, mais quelque chose de plus atmosph\u00e9rique &#8211; comme si la fibre absorbait la lumi\u00e8re autant que la teinture.  <\/p>\n<p>Perfect Heavy fingering yarn avec 185g. en \u00e9cheveaux de 50g.  <\/p>\n","protected":false},"excerpt":{"rendered":"<p>Alpaca Nuage semble presque irr\u00e9el d\u00e8s que vous le touchez &#8211; incroyablement l\u00e9ger, a\u00e9rien et envelopp\u00e9 d&rsquo;un halo doux qui<\/p>\n","protected":false},"featured_media":4103,"comment_status":"closed","ping_status":"closed","template":"","meta":[],"product_brand":[],"product_cat":[239,303,244],"product_tag":[251,367,261,368],"class_list":{"0":"post-4098","1":"product","2":"type-product","3":"status-publish","4":"has-post-thumbnail","6":"product_cat-en-vedette","7":"product_cat-laine-non-teinte","8":"product_cat-nouveautes","9":"product_tag-63-laine-merinos-11-alpaga-26-nylon","10":"product_tag-alpaga","11":"product_tag-merino","12":"product_tag-soie","13":"product_shipping_class-postes-canada","15":"first","16":"instock","17":"taxable","18":"shipping-taxable","19":"purchasable","20":"product-type-simple"},"_links":{"self":[{"href":"https:\/\/dyerdepot.com\/fr\/wp-json\/wp\/v2\/product\/4098","targetHints":{"allow":["GET"]}}],"collection":[{"href":"https:\/\/dyerdepot.com\/fr\/wp-json\/wp\/v2\/product"}],"about":[{"href":"https:\/\/dyerdepot.com\/fr\/wp-json\/wp\/v2\/types\/product"}],"replies":[{"embeddable":true,"href":"https:\/\/dyerdepot.com\/fr\/wp-json\/wp\/v2\/comments?post=4098"}],"version-history":[{"count":2,"href":"https:\/\/dyerdepot.com\/fr\/wp-json\/wp\/v2\/product\/4098\/revisions"}],"predecessor-version":[{"id":4105,"href":"https:\/\/dyerdepot.com\/fr\/wp-json\/wp\/v2\/product\/4098\/revisions\/4105"}],"wp:featuredmedia":[{"embeddable":true,"href":"https:\/\/dyerdepot.com\/fr\/wp-json\/wp\/v2\/media\/4103"}],"wp:attachment":[{"href":"https:\/\/dyerdepot.com\/fr\/wp-json\/wp\/v2\/media?parent=4098"}],"wp:term":[{"taxonomy":"product_brand","embeddable":true,"href":"https:\/\/dyerdepot.com\/fr\/wp-json\/wp\/v2\/product_brand?post=4098"},{"taxonomy":"product_cat","embeddable":true,"href":"https:\/\/dyerdepot.com\/fr\/wp-json\/wp\/v2\/product_cat?post=4098"},{"taxonomy":"product_tag","embeddable":true,"href":"https:\/\/dyerdepot.com\/fr\/wp-json\/wp\/v2\/product_tag?post=4098"}],"curies":[{"name":"wp","href":"https:\/\/api.w.org\/{rel}","templated":true}]}}