{"id":4091,"date":"2026-05-04T16:31:24","date_gmt":"2026-05-04T16:31:24","guid":{"rendered":"https:\/\/dyerdepot.com\/product\/atelier-de-teinture-main-30-mai-2026-riviere-du-loup\/"},"modified":"2026-05-04T16:38:19","modified_gmt":"2026-05-04T16:38:19","slug":"atelier-de-teinture-main-30-mai-2026-riviere-du-loup","status":"publish","type":"product","link":"https:\/\/dyerdepot.com\/fr\/product\/atelier-de-teinture-main-30-mai-2026-riviere-du-loup\/","title":{"rendered":"ATELIER DE TEINTURE DE LAINE \u00c0 LA MAIN 30 mai 2026"},"content":{"rendered":"<p class=\"font-claude-response-body break-words whitespace-normal leading-[1.7]\">Ce n&rsquo;est pas un simple cours de teinture \u2014 c&rsquo;est une exp\u00e9rience immersive. Une journ\u00e9e compl\u00e8te o\u00f9 vous mettez les mains dans la couleur, apprenez pourquoi elle se comporte comme elle le fait, et repartez avec trois \u00e9cheveaux teints par vous-m\u00eame : un uni profond, un vari\u00e9 plein de nuances, un speckle \u00e9clat\u00e9. Pr\u00eats \u00e0 tricoter. Fi\u00e8rement v\u00f4tres.<\/p>\n<p>D\u00e9tails pratiques : \ud83d\udcc5 30 mai 2026, de 10h \u00e0 16h \ud83d\udccd Salle T\u00e9miscouata, H\u00f4tel Universel, Rivi\u00e8re-du-Loup \u2705 Tout le mat\u00e9riel est inclus \ud83c\udf7d\ufe0f Une pause d\u00eener est pr\u00e9vue<br \/>Anim\u00e9 par Yana Petrova, teinturi\u00e8re professionnelle et fondatrice de Dyer&rsquo;s Depot, avec plus de dix ans d&rsquo;exp\u00e9rience en teinture \u00e0 grande \u00e9chelle.<br \/>Prix : 165,00 $ + taxes<br \/>Les places sont limit\u00e9es. Inscrivez-vous pour confirmer votre place.   <\/p>\n<p class=\"font-claude-response-body break-words whitespace-normal leading-[1.7]\"><strong>Ce que vous apprendrez :<\/strong><\/p>\n<ul class=\"[li_&amp;]:mb-0 [li_&amp;]:mt-1 [li_&amp;]:gap-1 [&amp;:not(:last-child)_ul]:pb-1 [&amp;:not(:last-child)_ol]:pb-1 list-disc flex flex-col gap-1 pl-8 mb-3\">\n<li class=\"whitespace-normal break-words pl-2\">Les bases de la teinture acide &#8211; ceux qui changent tout<\/li>\n<li class=\"whitespace-normal break-words pl-2\">Comment comprendre et contr\u00f4ler vos couleurs, et ne pas juste d&rsquo;esp\u00e9rer un beau r\u00e9sultat ?<\/li>\n<li class=\"whitespace-normal break-words pl-2\">Trois techniques distinctes pour trois effets compl\u00e8tement diff\u00e9rents<\/li>\n<li class=\"whitespace-normal break-words pl-2\">Comment r\u00e9p\u00e9ter vos r\u00e9sultats \u00e0 la maison, seul, en toute confiance ?<\/li>\n<\/ul>\n<p class=\"font-claude-response-body break-words whitespace-normal leading-[1.7]\"><strong>D\u00e9tails pratiques :<\/strong> \ud83d\udcc5 30 mai 2026, de 10h \u00e0 16h \ud83d\udccd Salle T\u00e9miscouata, H\u00f4tel Universel, Rivi\u00e8re-du-Loup \u2705 Tout le mat\u00e9riel inclus \ud83c\udf7d\ufe0f Pause de diner incluse.<\/p>\n<p class=\"font-claude-response-body break-words whitespace-normal leading-[1.7]\"><strong>Anim\u00e9 par Yana Petrova<\/strong>, teinturi\u00e8re professionnelle et fondatrice de Dyer Depot, avec plus de dix ans d&rsquo;exp\u00e9rience dans la teinture \u00e0 la main \u00e0 grande \u00e9chelle.<\/p>\n<p class=\"font-claude-response-body break-words whitespace-normal leading-[1.7]\"><strong>Prix : 165,00 $ + taxes<\/strong><\/p>\n<p class=\"font-claude-response-body break-words whitespace-normal leading-[1.7]\"><em>Les places sont limit\u00e9es. Inscrivez-vous d\u00e8s maintenant pour confirmer votre place <\/em><\/p>\n","protected":false},"excerpt":{"rendered":"<p>Ce n&rsquo;est pas un simple cours de teinture \u2014 c&rsquo;est une exp\u00e9rience immersive. Une journ\u00e9e compl\u00e8te o\u00f9 vous mettez les<\/p>\n","protected":false},"featured_media":2823,"comment_status":"open","ping_status":"closed","template":"","meta":[],"product_brand":[],"product_cat":[239,234,232],"product_tag":[],"class_list":{"0":"post-4091","1":"product","2":"type-product","3":"status-publish","4":"has-post-thumbnail","6":"product_cat-en-vedette","7":"product_cat-livres-et-cours","8":"product_cat-pour-debuter","10":"first","11":"instock","12":"virtual","13":"taxable","14":"purchasable","15":"product-type-simple"},"_links":{"self":[{"href":"https:\/\/dyerdepot.com\/fr\/wp-json\/wp\/v2\/product\/4091","targetHints":{"allow":["GET"]}}],"collection":[{"href":"https:\/\/dyerdepot.com\/fr\/wp-json\/wp\/v2\/product"}],"about":[{"href":"https:\/\/dyerdepot.com\/fr\/wp-json\/wp\/v2\/types\/product"}],"replies":[{"embeddable":true,"href":"https:\/\/dyerdepot.com\/fr\/wp-json\/wp\/v2\/comments?post=4091"}],"version-history":[{"count":1,"href":"https:\/\/dyerdepot.com\/fr\/wp-json\/wp\/v2\/product\/4091\/revisions"}],"predecessor-version":[{"id":4094,"href":"https:\/\/dyerdepot.com\/fr\/wp-json\/wp\/v2\/product\/4091\/revisions\/4094"}],"wp:featuredmedia":[{"embeddable":true,"href":"https:\/\/dyerdepot.com\/fr\/wp-json\/wp\/v2\/media\/2823"}],"wp:attachment":[{"href":"https:\/\/dyerdepot.com\/fr\/wp-json\/wp\/v2\/media?parent=4091"}],"wp:term":[{"taxonomy":"product_brand","embeddable":true,"href":"https:\/\/dyerdepot.com\/fr\/wp-json\/wp\/v2\/product_brand?post=4091"},{"taxonomy":"product_cat","embeddable":true,"href":"https:\/\/dyerdepot.com\/fr\/wp-json\/wp\/v2\/product_cat?post=4091"},{"taxonomy":"product_tag","embeddable":true,"href":"https:\/\/dyerdepot.com\/fr\/wp-json\/wp\/v2\/product_tag?post=4091"}],"curies":[{"name":"wp","href":"https:\/\/api.w.org\/{rel}","templated":true}]}}