{"id":3955,"date":"2026-04-01T03:30:24","date_gmt":"2026-04-01T03:30:24","guid":{"rendered":"https:\/\/dyerdepot.com\/?post_type=product&#038;p=3955"},"modified":"2026-04-20T18:06:00","modified_gmt":"2026-04-20T18:06:00","slug":"soie-meridienne-copy","status":"publish","type":"product","link":"https:\/\/dyerdepot.com\/fr\/product\/soie-meridienne-copy\/","title":{"rendered":"Prestige"},"content":{"rendered":"<p data-start=\"0\" data-end=\"299\">Prestige est un m\u00e9lange de <strong>20 % de soie et de 80 % de m\u00e9rinos<\/strong>, fil\u00e9 en une seule nappe pour mettre en valeur la fluidit\u00e9, la douceur et l&rsquo;\u00e9l\u00e9gance naturelle. La soie apporte juste ce qu&rsquo;il faut de brillance et de drap\u00e9 gracieux, tandis que le m\u00e9rinos apporte du corps et de l&rsquo;\u00e9quilibre, cr\u00e9ant un fil \u00e0 la fois raffin\u00e9 et accessible. <\/p>\n<p data-start=\"301\" data-end=\"549\"><span data-start=\"306\" data-end=\"325\">Avec 350 <\/span><strong data-start=\"306\" data-end=\"325\">m pour 100 g<\/strong>, il se situe entre le poids lourd et le poids sport, produisant un tissu lisse avec un mouvement doux et une texture subtile. Le m\u00e9lange absorbe la teinture avec profondeur et clart\u00e9, ce qui donne des couleurs riches et \u00e9clatantes qui se transforment magnifiquement \u00e0 la lumi\u00e8re. <\/p>\n<p data-start=\"551\" data-end=\"695\" data-is-last-node=\"\" data-is-only-node=\"\">Une base polyvalente et sur\u00e9lev\u00e9e id\u00e9ale pour les ch\u00e2les, les v\u00eatements l\u00e9gers et les pi\u00e8ces o\u00f9 le drap\u00e9, la douceur et l&rsquo;expression des couleurs sont au premier plan.<\/p>\n","protected":false},"excerpt":{"rendered":"<p>Prestige est un m\u00e9lange de 20 % de soie et de 80 % de m\u00e9rinos, fil\u00e9 en une seule nappe<\/p>\n","protected":false},"featured_media":3957,"comment_status":"closed","ping_status":"closed","template":"","meta":[],"product_brand":[],"product_cat":[236,239,303,232],"product_tag":[358,352],"class_list":{"0":"post-3955","1":"product","2":"type-product","3":"status-publish","4":"has-post-thumbnail","6":"product_cat-de-retour","7":"product_cat-en-vedette","8":"product_cat-laine-non-teinte","9":"product_cat-pour-debuter","10":"product_tag-50-merinos","11":"product_tag-50-soie","12":"product_shipping_class-postes-canada","14":"first","15":"instock","16":"taxable","17":"shipping-taxable","18":"purchasable","19":"product-type-simple"},"_links":{"self":[{"href":"https:\/\/dyerdepot.com\/fr\/wp-json\/wp\/v2\/product\/3955","targetHints":{"allow":["GET"]}}],"collection":[{"href":"https:\/\/dyerdepot.com\/fr\/wp-json\/wp\/v2\/product"}],"about":[{"href":"https:\/\/dyerdepot.com\/fr\/wp-json\/wp\/v2\/types\/product"}],"replies":[{"embeddable":true,"href":"https:\/\/dyerdepot.com\/fr\/wp-json\/wp\/v2\/comments?post=3955"}],"version-history":[{"count":4,"href":"https:\/\/dyerdepot.com\/fr\/wp-json\/wp\/v2\/product\/3955\/revisions"}],"predecessor-version":[{"id":3993,"href":"https:\/\/dyerdepot.com\/fr\/wp-json\/wp\/v2\/product\/3955\/revisions\/3993"}],"wp:featuredmedia":[{"embeddable":true,"href":"https:\/\/dyerdepot.com\/fr\/wp-json\/wp\/v2\/media\/3957"}],"wp:attachment":[{"href":"https:\/\/dyerdepot.com\/fr\/wp-json\/wp\/v2\/media?parent=3955"}],"wp:term":[{"taxonomy":"product_brand","embeddable":true,"href":"https:\/\/dyerdepot.com\/fr\/wp-json\/wp\/v2\/product_brand?post=3955"},{"taxonomy":"product_cat","embeddable":true,"href":"https:\/\/dyerdepot.com\/fr\/wp-json\/wp\/v2\/product_cat?post=3955"},{"taxonomy":"product_tag","embeddable":true,"href":"https:\/\/dyerdepot.com\/fr\/wp-json\/wp\/v2\/product_tag?post=3955"}],"curies":[{"name":"wp","href":"https:\/\/api.w.org\/{rel}","templated":true}]}}