{"id":3926,"date":"2026-03-25T16:19:11","date_gmt":"2026-03-25T16:19:11","guid":{"rendered":"https:\/\/dyerdepot.com\/?post_type=product&#038;p=3926"},"modified":"2026-04-20T18:27:12","modified_gmt":"2026-04-20T18:27:12","slug":"mini-dreamy-80-20-copy","status":"publish","type":"product","link":"https:\/\/dyerdepot.com\/fr\/product\/mini-dreamy-80-20-copy\/","title":{"rendered":"Cone Dreamy 80\/20"},"content":{"rendered":"<p data-start=\"0\" data-end=\"337\">Le Cone <strong data-start=\"4\" data-end=\"25\">Dreamy 80\/20 <\/strong>est la m\u00eame base bien-aim\u00e9e dans un <strong data-start=\"56\" data-end=\"70\">c\u00f4ne polyvalent de 1 kg<\/strong>, parfait pour les tisserands, le tricotage \u00e0 la machine, les fils autod\u00e9nudants et bien plus encore ! Fil\u00e9 \u00e0 partir de <strong data-start=\"131\" data-end=\"174\">80% de laine m\u00e9rinos Superwash et 20% de nylon<\/strong>, il offre le m\u00eame \u00e9quilibre id\u00e9al de douceur et de durabilit\u00e9, avec une construction de filage tubulaire qui cr\u00e9e une structure ronde et dodue et une excellente d\u00e9finition de la teinture. <\/p>\n<p data-start=\"339\" data-end=\"688\" data-is-last-node=\"\" data-is-only-node=\"\">\n","protected":false},"excerpt":{"rendered":"<p><strong><span style=\"color: #ff0000;\"><a style=\"color: #ff0000;\" href=\"https:\/\/dyerdepot.com\/fr\/wholesale\/\">Vous achetez plus ? Demandez un compte En Gros ici <\/a><\/span><\/strong><\/p>\n","protected":false},"featured_media":3928,"comment_status":"closed","ping_status":"closed","template":"","meta":[],"product_brand":[],"product_cat":[239,303,232],"product_tag":[252],"class_list":{"0":"post-3926","1":"product","2":"type-product","3":"status-publish","4":"has-post-thumbnail","6":"product_cat-en-vedette","7":"product_cat-laine-non-teinte","8":"product_cat-pour-debuter","9":"product_tag-80-merinos-sw-20-nylon","10":"product_shipping_class-postes-canada","12":"first","13":"instock","14":"taxable","15":"shipping-taxable","16":"purchasable","17":"product-type-simple"},"_links":{"self":[{"href":"https:\/\/dyerdepot.com\/fr\/wp-json\/wp\/v2\/product\/3926","targetHints":{"allow":["GET"]}}],"collection":[{"href":"https:\/\/dyerdepot.com\/fr\/wp-json\/wp\/v2\/product"}],"about":[{"href":"https:\/\/dyerdepot.com\/fr\/wp-json\/wp\/v2\/types\/product"}],"replies":[{"embeddable":true,"href":"https:\/\/dyerdepot.com\/fr\/wp-json\/wp\/v2\/comments?post=3926"}],"version-history":[{"count":3,"href":"https:\/\/dyerdepot.com\/fr\/wp-json\/wp\/v2\/product\/3926\/revisions"}],"predecessor-version":[{"id":3995,"href":"https:\/\/dyerdepot.com\/fr\/wp-json\/wp\/v2\/product\/3926\/revisions\/3995"}],"wp:featuredmedia":[{"embeddable":true,"href":"https:\/\/dyerdepot.com\/fr\/wp-json\/wp\/v2\/media\/3928"}],"wp:attachment":[{"href":"https:\/\/dyerdepot.com\/fr\/wp-json\/wp\/v2\/media?parent=3926"}],"wp:term":[{"taxonomy":"product_brand","embeddable":true,"href":"https:\/\/dyerdepot.com\/fr\/wp-json\/wp\/v2\/product_brand?post=3926"},{"taxonomy":"product_cat","embeddable":true,"href":"https:\/\/dyerdepot.com\/fr\/wp-json\/wp\/v2\/product_cat?post=3926"},{"taxonomy":"product_tag","embeddable":true,"href":"https:\/\/dyerdepot.com\/fr\/wp-json\/wp\/v2\/product_tag?post=3926"}],"curies":[{"name":"wp","href":"https:\/\/api.w.org\/{rel}","templated":true}]}}