{"id":3923,"date":"2026-03-25T16:17:52","date_gmt":"2026-03-25T16:17:52","guid":{"rendered":"https:\/\/dyerdepot.com\/product\/exemple-de-set\/"},"modified":"2026-04-20T18:27:12","modified_gmt":"2026-04-20T18:27:12","slug":"exemple-de-set","status":"publish","type":"product","link":"https:\/\/dyerdepot.com\/fr\/product\/exemple-de-set\/","title":{"rendered":"Ensemble d&rsquo;\u00c9chantillons"},"content":{"rendered":"","protected":false},"excerpt":{"rendered":"<p data-start=\"0\" data-end=\"409\">L&rsquo;<strong data-start=\"4\" data-end=\"29\">ensemble d&rsquo;\u00e9chantillons Meilleure Vendeur<\/strong> est une introduction \u00e0 nos bases de fils les plus fiables, rassemblant toute la gamme des poids, du <strong data-start=\"140\" data-end=\"199\">fingering au heavy fingering, en passant par le sport, le DK et le worsted<\/strong>, ainsi qu&rsquo;un m\u00e9lange cr\u00e9atif distinctif. Con\u00e7u pour l&rsquo;exploration et la comparaison, cet ensemble vous permet de d\u00e9couvrir comment les diff\u00e9rentes constructions et fibres se comportent dans le processus de teinture et dans le tissu fini. <\/p>\n<p data-start=\"411\" data-end=\"759\">Chaque ensemble comprend des <strong data-start=\"429\" data-end=\"445\">\u00e9chantillons de 10 g<\/strong> de : <strong data-start=\"450\" data-end=\"538\">M\u00e9rinos Fort\u00e9, Dreamy 80\/20, Twist Sport, Heritage DK, Cozy Comfort et Alpaca Nuage &#8211; repr\u00e9sentant <\/strong>une gamme \u00e9quilibr\u00e9e de structure, de douceur et de performance. De la r\u00e9sistance \u00e0 la torsion aux constructions rondes et dodues, en passant par les m\u00e9langes doucement aur\u00e9ol\u00e9s, chaque base a \u00e9t\u00e9 s\u00e9lectionn\u00e9e pour sa fiabilit\u00e9 et sa r\u00e9sistance \u00e0 la teinture. <\/p>\n<p data-start=\"761\" data-end=\"874\" data-is-last-node=\"\" data-is-only-node=\"\">Un outil essentiel pour les teinturiers qui souhaitent tester, comparer et choisir en toute confiance le bon fond de teint pour leur travail.<\/p>\n","protected":false},"featured_media":3912,"comment_status":"open","ping_status":"closed","template":"","meta":[],"product_brand":[],"product_cat":[242,303,232],"product_tag":[],"class_list":{"0":"post-3923","1":"product","2":"type-product","3":"status-publish","4":"has-post-thumbnail","6":"product_cat-kits","7":"product_cat-laine-non-teinte","8":"product_cat-pour-debuter","10":"first","11":"instock","12":"taxable","13":"shipping-taxable","14":"purchasable","15":"product-type-simple"},"_links":{"self":[{"href":"https:\/\/dyerdepot.com\/fr\/wp-json\/wp\/v2\/product\/3923","targetHints":{"allow":["GET"]}}],"collection":[{"href":"https:\/\/dyerdepot.com\/fr\/wp-json\/wp\/v2\/product"}],"about":[{"href":"https:\/\/dyerdepot.com\/fr\/wp-json\/wp\/v2\/types\/product"}],"replies":[{"embeddable":true,"href":"https:\/\/dyerdepot.com\/fr\/wp-json\/wp\/v2\/comments?post=3923"}],"version-history":[{"count":1,"href":"https:\/\/dyerdepot.com\/fr\/wp-json\/wp\/v2\/product\/3923\/revisions"}],"predecessor-version":[{"id":3994,"href":"https:\/\/dyerdepot.com\/fr\/wp-json\/wp\/v2\/product\/3923\/revisions\/3994"}],"wp:featuredmedia":[{"embeddable":true,"href":"https:\/\/dyerdepot.com\/fr\/wp-json\/wp\/v2\/media\/3912"}],"wp:attachment":[{"href":"https:\/\/dyerdepot.com\/fr\/wp-json\/wp\/v2\/media?parent=3923"}],"wp:term":[{"taxonomy":"product_brand","embeddable":true,"href":"https:\/\/dyerdepot.com\/fr\/wp-json\/wp\/v2\/product_brand?post=3923"},{"taxonomy":"product_cat","embeddable":true,"href":"https:\/\/dyerdepot.com\/fr\/wp-json\/wp\/v2\/product_cat?post=3923"},{"taxonomy":"product_tag","embeddable":true,"href":"https:\/\/dyerdepot.com\/fr\/wp-json\/wp\/v2\/product_tag?post=3923"}],"curies":[{"name":"wp","href":"https:\/\/api.w.org\/{rel}","templated":true}]}}