{"id":3880,"date":"2026-03-24T22:04:43","date_gmt":"2026-03-24T22:04:43","guid":{"rendered":"https:\/\/dyerdepot.com\/?post_type=product&#038;p=3880"},"modified":"2026-04-28T19:17:02","modified_gmt":"2026-04-28T19:17:02","slug":"confort-douillet-copy","status":"publish","type":"product","link":"https:\/\/dyerdepot.com\/fr\/product\/confort-douillet-copy\/","title":{"rendered":"La Tuque"},"content":{"rendered":"<p data-start=\"0\" data-end=\"299\"><strong data-start=\"4\" data-end=\"16\">La Tuque<\/strong> est un fil de caract\u00e8re fil\u00e9 \u00e0 partir de <strong data-start=\"61\" data-end=\"102\">100% de laine d&rsquo;agneau bulgare (20 microns)<\/strong> dans une construction classique \u00e0 4 plis. Il offre un bel \u00e9quilibre entre douceur et structure, avec un caract\u00e8re rond et laineux qui apporte chaleur, r\u00e9silience et attrait intemporel au tissu fini. <\/p>\n<p data-start=\"593\" data-end=\"862\" data-is-last-node=\"\" data-is-only-node=\"\">Avec <strong data-start=\"598\" data-end=\"617\">190 m pour 100 g<\/strong>, il se situe dans la gamme worsted, ce qui en fait un choix id\u00e9al pour les pulls, les accessoires et les v\u00eatements d&rsquo;ext\u00e9rieur o\u00f9 la durabilit\u00e9, la chaleur et la texture sont essentielles. Une base fiable, inspir\u00e9e du patrimoine, con\u00e7ue pour les tricots durables de tous les jours. <\/p>\n","protected":false},"excerpt":{"rendered":"<p>La Tuque est un fil de caract\u00e8re fil\u00e9 \u00e0 partir de 100% de laine d&rsquo;agneau bulgare (20 microns) dans une<\/p>\n","protected":false},"featured_media":3835,"comment_status":"closed","ping_status":"closed","template":"","meta":[],"product_brand":[],"product_cat":[303,232],"product_tag":[362],"class_list":{"0":"post-3880","1":"product","2":"type-product","3":"status-publish","4":"has-post-thumbnail","6":"product_cat-laine-non-teinte","7":"product_cat-pour-debuter","8":"product_tag-100-laine","9":"product_shipping_class-postes-canada","11":"first","12":"instock","13":"taxable","14":"shipping-taxable","15":"purchasable","16":"product-type-simple"},"_links":{"self":[{"href":"https:\/\/dyerdepot.com\/fr\/wp-json\/wp\/v2\/product\/3880","targetHints":{"allow":["GET"]}}],"collection":[{"href":"https:\/\/dyerdepot.com\/fr\/wp-json\/wp\/v2\/product"}],"about":[{"href":"https:\/\/dyerdepot.com\/fr\/wp-json\/wp\/v2\/types\/product"}],"replies":[{"embeddable":true,"href":"https:\/\/dyerdepot.com\/fr\/wp-json\/wp\/v2\/comments?post=3880"}],"version-history":[{"count":2,"href":"https:\/\/dyerdepot.com\/fr\/wp-json\/wp\/v2\/product\/3880\/revisions"}],"predecessor-version":[{"id":3883,"href":"https:\/\/dyerdepot.com\/fr\/wp-json\/wp\/v2\/product\/3880\/revisions\/3883"}],"wp:featuredmedia":[{"embeddable":true,"href":"https:\/\/dyerdepot.com\/fr\/wp-json\/wp\/v2\/media\/3835"}],"wp:attachment":[{"href":"https:\/\/dyerdepot.com\/fr\/wp-json\/wp\/v2\/media?parent=3880"}],"wp:term":[{"taxonomy":"product_brand","embeddable":true,"href":"https:\/\/dyerdepot.com\/fr\/wp-json\/wp\/v2\/product_brand?post=3880"},{"taxonomy":"product_cat","embeddable":true,"href":"https:\/\/dyerdepot.com\/fr\/wp-json\/wp\/v2\/product_cat?post=3880"},{"taxonomy":"product_tag","embeddable":true,"href":"https:\/\/dyerdepot.com\/fr\/wp-json\/wp\/v2\/product_tag?post=3880"}],"curies":[{"name":"wp","href":"https:\/\/api.w.org\/{rel}","templated":true}]}}