{"id":3873,"date":"2026-03-24T21:47:56","date_gmt":"2026-03-24T21:47:56","guid":{"rendered":"https:\/\/dyerdepot.com\/?post_type=product&#038;p=3873"},"modified":"2026-04-20T18:35:41","modified_gmt":"2026-04-20T18:35:41","slug":"merinos-forte-copy","status":"publish","type":"product","link":"https:\/\/dyerdepot.com\/fr\/product\/merinos-forte-copy\/","title":{"rendered":"Cadence"},"content":{"rendered":"<p><strong data-start=\"0\" data-end=\"16\" data-is-only-node=\"\">V\u00e9ritable fil \u00e0 chaussettes, Cadence <\/strong>est un fil \u00e0 trois couches compos\u00e9 de <strong data-start=\"43\" data-end=\"81\">75 % de laine m\u00e9rinos fine et de 25 % de nylon<\/strong>, alliant douceur et solidit\u00e9. Le m\u00e9rinos assure une belle absorption de la teinture et une main douce, tandis que le nylon renforce le fil pour le rendre plus durable, ce qui en fait un excellent choix pour les chaussettes et les v\u00eatements \u00e0 longue dur\u00e9e de vie. La torsion \u00e9quilibr\u00e9e donne une bonne d\u00e9finition des points et une structure r\u00e9sistante qui fonctionne bien dans le pot de teinture et sur les aiguilles.  <\/p>\n","protected":false},"excerpt":{"rendered":"<p><strong><span style=\"color: #ff0000;\"><a style=\"color: #ff0000;\" href=\"https:\/\/dyerdepot.com\/fr\/wholesale\/\">Vous achetez plus ? Demandez un compte En Gros ici <\/a><\/span><\/strong><\/p>\n","protected":false},"featured_media":3832,"comment_status":"closed","ping_status":"closed","template":"","meta":[],"product_brand":[],"product_cat":[245,303,232],"product_tag":[331],"class_list":{"0":"post-3873","1":"product","2":"type-product","3":"status-publish","4":"has-post-thumbnail","6":"product_cat-essentiels-professionnels","7":"product_cat-laine-non-teinte","8":"product_cat-pour-debuter","9":"product_tag-75-merinos-25-nylon","10":"product_shipping_class-postes-canada","12":"first","13":"instock","14":"taxable","15":"shipping-taxable","16":"purchasable","17":"product-type-simple"},"_links":{"self":[{"href":"https:\/\/dyerdepot.com\/fr\/wp-json\/wp\/v2\/product\/3873","targetHints":{"allow":["GET"]}}],"collection":[{"href":"https:\/\/dyerdepot.com\/fr\/wp-json\/wp\/v2\/product"}],"about":[{"href":"https:\/\/dyerdepot.com\/fr\/wp-json\/wp\/v2\/types\/product"}],"replies":[{"embeddable":true,"href":"https:\/\/dyerdepot.com\/fr\/wp-json\/wp\/v2\/comments?post=3873"}],"version-history":[{"count":4,"href":"https:\/\/dyerdepot.com\/fr\/wp-json\/wp\/v2\/product\/3873\/revisions"}],"predecessor-version":[{"id":3997,"href":"https:\/\/dyerdepot.com\/fr\/wp-json\/wp\/v2\/product\/3873\/revisions\/3997"}],"wp:featuredmedia":[{"embeddable":true,"href":"https:\/\/dyerdepot.com\/fr\/wp-json\/wp\/v2\/media\/3832"}],"wp:attachment":[{"href":"https:\/\/dyerdepot.com\/fr\/wp-json\/wp\/v2\/media?parent=3873"}],"wp:term":[{"taxonomy":"product_brand","embeddable":true,"href":"https:\/\/dyerdepot.com\/fr\/wp-json\/wp\/v2\/product_brand?post=3873"},{"taxonomy":"product_cat","embeddable":true,"href":"https:\/\/dyerdepot.com\/fr\/wp-json\/wp\/v2\/product_cat?post=3873"},{"taxonomy":"product_tag","embeddable":true,"href":"https:\/\/dyerdepot.com\/fr\/wp-json\/wp\/v2\/product_tag?post=3873"}],"curies":[{"name":"wp","href":"https:\/\/api.w.org\/{rel}","templated":true}]}}