{"id":3866,"date":"2026-03-24T21:39:43","date_gmt":"2026-03-24T21:39:43","guid":{"rendered":"https:\/\/dyerdepot.com\/?post_type=product&#038;p=3866"},"modified":"2026-04-20T18:47:42","modified_gmt":"2026-04-20T18:47:42","slug":"dreamy-80-20-copy-3","status":"publish","type":"product","link":"https:\/\/dyerdepot.com\/fr\/product\/dreamy-80-20-copy-3\/","title":{"rendered":"Organique"},"content":{"rendered":"<h2 class=\"cdk-visually-hidden ng-star-inserted\"><b style=\"color: #333333; font-size: 16px;\" data-path-to-node=\"0\" data-index-in-node=\"0\">Organique<\/b><span style=\"color: #333333; font-size: 16px;\"> est un m\u00e9rinos 100% non trait\u00e9 (290m\/83g), dont le filage tubulaire unique multi-plis cr\u00e9e un profil rond et architectural avec un rebond exceptionnel et aucun fendillement. Exempt d&rsquo;enduits de superlavage, il accepte la teinture avec une profondeur douce et mate qui donne l&rsquo;impression d&rsquo;\u00eatre enracin\u00e9e et authentique &#8211; le canevas ultime pour le teinturier qui accorde autant d&rsquo;importance \u00e0 l&rsquo;int\u00e9grit\u00e9 de la fibre qu&rsquo;\u00e0 la couleur.<\/span><\/h2>\n<div class=\"container\">\n<div id=\"model-response-message-contentr_de3cbe4dc01dcc3a\" class=\"markdown markdown-main-panel enable-updated-hr-color\" dir=\"ltr\" aria-live=\"polite\" aria-busy=\"false\">\n<p data-path-to-node=\"0\">Les \u00e9cheveaux font environ 3 oz. <\/p>\n<\/div>\n<\/div>\n","protected":false},"excerpt":{"rendered":"<p>Organique est un m\u00e9rinos 100% non trait\u00e9 (290m\/83g), dont le filage tubulaire unique multi-plis cr\u00e9e un profil rond et architectural<\/p>\n","protected":false},"featured_media":3868,"comment_status":"closed","ping_status":"closed","template":"","meta":[],"product_brand":[],"product_cat":[303,235],"product_tag":[360],"class_list":{"0":"post-3866","1":"product","2":"type-product","3":"status-publish","4":"has-post-thumbnail","6":"product_cat-laine-non-teinte","7":"product_cat-liquidation","8":"product_tag-100-merinos-non-traite","9":"product_shipping_class-postes-canada","11":"first","12":"instock","13":"taxable","14":"shipping-taxable","15":"purchasable","16":"product-type-simple"},"_links":{"self":[{"href":"https:\/\/dyerdepot.com\/fr\/wp-json\/wp\/v2\/product\/3866","targetHints":{"allow":["GET"]}}],"collection":[{"href":"https:\/\/dyerdepot.com\/fr\/wp-json\/wp\/v2\/product"}],"about":[{"href":"https:\/\/dyerdepot.com\/fr\/wp-json\/wp\/v2\/types\/product"}],"replies":[{"embeddable":true,"href":"https:\/\/dyerdepot.com\/fr\/wp-json\/wp\/v2\/comments?post=3866"}],"version-history":[{"count":4,"href":"https:\/\/dyerdepot.com\/fr\/wp-json\/wp\/v2\/product\/3866\/revisions"}],"predecessor-version":[{"id":4002,"href":"https:\/\/dyerdepot.com\/fr\/wp-json\/wp\/v2\/product\/3866\/revisions\/4002"}],"wp:featuredmedia":[{"embeddable":true,"href":"https:\/\/dyerdepot.com\/fr\/wp-json\/wp\/v2\/media\/3868"}],"wp:attachment":[{"href":"https:\/\/dyerdepot.com\/fr\/wp-json\/wp\/v2\/media?parent=3866"}],"wp:term":[{"taxonomy":"product_brand","embeddable":true,"href":"https:\/\/dyerdepot.com\/fr\/wp-json\/wp\/v2\/product_brand?post=3866"},{"taxonomy":"product_cat","embeddable":true,"href":"https:\/\/dyerdepot.com\/fr\/wp-json\/wp\/v2\/product_cat?post=3866"},{"taxonomy":"product_tag","embeddable":true,"href":"https:\/\/dyerdepot.com\/fr\/wp-json\/wp\/v2\/product_tag?post=3866"}],"curies":[{"name":"wp","href":"https:\/\/api.w.org\/{rel}","templated":true}]}}