{"id":3858,"date":"2026-03-24T21:20:56","date_gmt":"2026-03-24T21:20:56","guid":{"rendered":"https:\/\/dyerdepot.com\/?post_type=product&#038;p=3858"},"modified":"2026-04-28T19:18:23","modified_gmt":"2026-04-28T19:18:23","slug":"sahara-lux-copy","status":"publish","type":"product","link":"https:\/\/dyerdepot.com\/fr\/product\/sahara-lux-copy\/","title":{"rendered":"Meridian Silk"},"content":{"rendered":"<p data-start=\"0\" data-end=\"299\"><strong data-start=\"4\" data-end=\"21\">Meridian Silk<\/strong> est un m\u00e9lange lumineux de <strong data-start=\"45\" data-end=\"72\">50 % de soie et de 50 % de m\u00e9rinos<\/strong>, fil\u00e9 en une seule nappe pour mettre en valeur la fluidit\u00e9, la douceur et l&rsquo;\u00e9l\u00e9gance naturelle. La soie apporte un \u00e9clat radieux et un drap\u00e9 gracieux, tandis que le m\u00e9rinos donne du corps et de l&rsquo;\u00e9quilibre, cr\u00e9ant un fil \u00e0 la fois raffin\u00e9 et accessible. <\/p>\n<p data-start=\"301\" data-end=\"549\">Avec <strong data-start=\"306\" data-end=\"325\">420 m pour 100 g<\/strong>, il se situe dans la gamme des fingering l\u00e9gers, produisant un tissu lisse avec un mouvement doux et une texture subtile. Le m\u00e9lange absorbe la teinture avec profondeur et clart\u00e9, ce qui donne des couleurs riches et \u00e9clatantes qui se transforment magnifiquement \u00e0 la lumi\u00e8re. <\/p>\n<p data-start=\"551\" data-end=\"695\" data-is-last-node=\"\" data-is-only-node=\"\">Une base polyvalente et sur\u00e9lev\u00e9e id\u00e9ale pour les ch\u00e2les, les v\u00eatements l\u00e9gers et les pi\u00e8ces o\u00f9 le drap\u00e9, la douceur et l&rsquo;expression des couleurs sont au premier plan.<\/p>\n","protected":false},"excerpt":{"rendered":"<p>Meridian Silk est un m\u00e9lange lumineux de 50 % de soie et de 50 % de m\u00e9rinos, fil\u00e9 en une<\/p>\n","protected":false},"featured_media":3860,"comment_status":"closed","ping_status":"closed","template":"","meta":[],"product_brand":[],"product_cat":[243,303,244],"product_tag":[358,352],"class_list":{"0":"post-3858","1":"product","2":"type-product","3":"status-publish","4":"has-post-thumbnail","6":"product_cat-edition-limitee","7":"product_cat-laine-non-teinte","8":"product_cat-nouveautes","9":"product_tag-50-merinos","10":"product_tag-50-soie","11":"product_shipping_class-postes-canada","13":"first","14":"instock","15":"taxable","16":"shipping-taxable","17":"purchasable","18":"product-type-simple"},"_links":{"self":[{"href":"https:\/\/dyerdepot.com\/fr\/wp-json\/wp\/v2\/product\/3858","targetHints":{"allow":["GET"]}}],"collection":[{"href":"https:\/\/dyerdepot.com\/fr\/wp-json\/wp\/v2\/product"}],"about":[{"href":"https:\/\/dyerdepot.com\/fr\/wp-json\/wp\/v2\/types\/product"}],"replies":[{"embeddable":true,"href":"https:\/\/dyerdepot.com\/fr\/wp-json\/wp\/v2\/comments?post=3858"}],"version-history":[{"count":3,"href":"https:\/\/dyerdepot.com\/fr\/wp-json\/wp\/v2\/product\/3858\/revisions"}],"predecessor-version":[{"id":4001,"href":"https:\/\/dyerdepot.com\/fr\/wp-json\/wp\/v2\/product\/3858\/revisions\/4001"}],"wp:featuredmedia":[{"embeddable":true,"href":"https:\/\/dyerdepot.com\/fr\/wp-json\/wp\/v2\/media\/3860"}],"wp:attachment":[{"href":"https:\/\/dyerdepot.com\/fr\/wp-json\/wp\/v2\/media?parent=3858"}],"wp:term":[{"taxonomy":"product_brand","embeddable":true,"href":"https:\/\/dyerdepot.com\/fr\/wp-json\/wp\/v2\/product_brand?post=3858"},{"taxonomy":"product_cat","embeddable":true,"href":"https:\/\/dyerdepot.com\/fr\/wp-json\/wp\/v2\/product_cat?post=3858"},{"taxonomy":"product_tag","embeddable":true,"href":"https:\/\/dyerdepot.com\/fr\/wp-json\/wp\/v2\/product_tag?post=3858"}],"curies":[{"name":"wp","href":"https:\/\/api.w.org\/{rel}","templated":true}]}}