{"id":3839,"date":"2026-03-24T20:56:43","date_gmt":"2026-03-24T20:56:43","guid":{"rendered":"https:\/\/dyerdepot.com\/?post_type=product&#038;p=3839"},"modified":"2026-04-28T19:19:45","modified_gmt":"2026-04-28T19:19:45","slug":"etincelle-copy","status":"publish","type":"product","link":"https:\/\/dyerdepot.com\/fr\/product\/etincelle-copy\/","title":{"rendered":"Himalaya"},"content":{"rendered":"<p data-start=\"0\" data-end=\"306\">L&rsquo;<strong data-start=\"4\" data-end=\"16\">Himalaya<\/strong> est un m\u00e9lange rare et raffin\u00e9 de <strong data-start=\"48\" data-end=\"72\">50 % de yak et de 50 % de soie<\/strong>, offrant une douceur, une profondeur et une \u00e9l\u00e9gance naturelle exceptionnelles. La fibre de yak apporte une note riche et chaude avec un caract\u00e8re doux et mat, tandis que la soie ajoute de la luminosit\u00e9, de la force et un drap\u00e9 fluide qui rehausse la sensation g\u00e9n\u00e9rale du fil. <\/p>\n<p data-start=\"308\" data-end=\"629\">Avec <strong data-start=\"313\" data-end=\"332\">460 m pour 100 g<\/strong>, ce fil fin se situe entre la dentelle et le fingering l\u00e9ger, cr\u00e9ant un tissu doux et l\u00e9ger avec un l\u00e9ger \u00e9clat et une profondeur de couleur subtile.<\/p>\n","protected":false},"excerpt":{"rendered":"<p>L&rsquo;Himalaya est un m\u00e9lange rare et raffin\u00e9 de 50 % de yak et de 50 % de soie, offrant une<\/p>\n","protected":false},"featured_media":3842,"comment_status":"closed","ping_status":"closed","template":"","meta":[],"product_brand":[],"product_cat":[243,303,244],"product_tag":[352,351],"class_list":{"0":"post-3839","1":"product","2":"type-product","3":"status-publish","4":"has-post-thumbnail","6":"product_cat-edition-limitee","7":"product_cat-laine-non-teinte","8":"product_cat-nouveautes","9":"product_tag-50-soie","10":"product_tag-50-yak","11":"product_shipping_class-postes-canada","13":"first","14":"instock","15":"taxable","16":"shipping-taxable","17":"purchasable","18":"product-type-simple"},"_links":{"self":[{"href":"https:\/\/dyerdepot.com\/fr\/wp-json\/wp\/v2\/product\/3839","targetHints":{"allow":["GET"]}}],"collection":[{"href":"https:\/\/dyerdepot.com\/fr\/wp-json\/wp\/v2\/product"}],"about":[{"href":"https:\/\/dyerdepot.com\/fr\/wp-json\/wp\/v2\/types\/product"}],"replies":[{"embeddable":true,"href":"https:\/\/dyerdepot.com\/fr\/wp-json\/wp\/v2\/comments?post=3839"}],"version-history":[{"count":3,"href":"https:\/\/dyerdepot.com\/fr\/wp-json\/wp\/v2\/product\/3839\/revisions"}],"predecessor-version":[{"id":4004,"href":"https:\/\/dyerdepot.com\/fr\/wp-json\/wp\/v2\/product\/3839\/revisions\/4004"}],"wp:featuredmedia":[{"embeddable":true,"href":"https:\/\/dyerdepot.com\/fr\/wp-json\/wp\/v2\/media\/3842"}],"wp:attachment":[{"href":"https:\/\/dyerdepot.com\/fr\/wp-json\/wp\/v2\/media?parent=3839"}],"wp:term":[{"taxonomy":"product_brand","embeddable":true,"href":"https:\/\/dyerdepot.com\/fr\/wp-json\/wp\/v2\/product_brand?post=3839"},{"taxonomy":"product_cat","embeddable":true,"href":"https:\/\/dyerdepot.com\/fr\/wp-json\/wp\/v2\/product_cat?post=3839"},{"taxonomy":"product_tag","embeddable":true,"href":"https:\/\/dyerdepot.com\/fr\/wp-json\/wp\/v2\/product_tag?post=3839"}],"curies":[{"name":"wp","href":"https:\/\/api.w.org\/{rel}","templated":true}]}}