{"id":3753,"date":"2026-03-07T17:01:05","date_gmt":"2026-03-07T17:01:05","guid":{"rendered":"https:\/\/dyerdepot.com\/?post_type=product&#038;p=3753"},"modified":"2026-04-20T18:47:41","modified_gmt":"2026-04-20T18:47:41","slug":"dreamy-80-20-copy-2","status":"publish","type":"product","link":"https:\/\/dyerdepot.com\/fr\/product\/dreamy-80-20-copy-2\/","title":{"rendered":"M\u00e9rinos Fort\u00e9"},"content":{"rendered":"<p><strong data-start=\"0\" data-end=\"16\" data-is-only-node=\"\">V\u00e9ritable b\u00eate de somme, le Merino Fort\u00e9<\/strong> est un fil 2 plis fil\u00e9 \u00e0 partir de <strong data-start=\"43\" data-end=\"81\">75 % de laine m\u00e9rinos fine et de 25 % de nylon<\/strong>, alliant douceur et solidit\u00e9. Le m\u00e9rinos assure une belle absorption des teintures et une main douce, tandis que le nylon renforce le fil pour le rendre plus r\u00e9sistant, ce qui en fait un excellent choix pour les chaussettes et les v\u00eatements \u00e0 longue dur\u00e9e de vie. La torsion \u00e9quilibr\u00e9e donne une bonne d\u00e9finition des points et une structure r\u00e9sistante qui fonctionne bien dans le pot de teinture et sur les aiguilles.  <\/p>\n","protected":false},"excerpt":{"rendered":"<p><strong><span style=\"color: #ff0000;\"><a style=\"color: #ff0000;\" href=\"https:\/\/dyerdepot.com\/fr\/wholesale\/\">Vous achetez plus ? Demandez un compte En Gros ici <\/a><\/span><\/strong><\/p>\n","protected":false},"featured_media":3832,"comment_status":"closed","ping_status":"closed","template":"","meta":[],"product_brand":[],"product_cat":[233,245,303,232],"product_tag":[331],"class_list":{"0":"post-3753","1":"product","2":"type-product","3":"status-publish","4":"has-post-thumbnail","6":"product_cat-bestseller","7":"product_cat-essentiels-professionnels","8":"product_cat-laine-non-teinte","9":"product_cat-pour-debuter","10":"product_tag-75-merinos-25-nylon","11":"product_shipping_class-postes-canada","13":"first","14":"instock","15":"taxable","16":"shipping-taxable","17":"purchasable","18":"product-type-simple"},"_links":{"self":[{"href":"https:\/\/dyerdepot.com\/fr\/wp-json\/wp\/v2\/product\/3753","targetHints":{"allow":["GET"]}}],"collection":[{"href":"https:\/\/dyerdepot.com\/fr\/wp-json\/wp\/v2\/product"}],"about":[{"href":"https:\/\/dyerdepot.com\/fr\/wp-json\/wp\/v2\/types\/product"}],"replies":[{"embeddable":true,"href":"https:\/\/dyerdepot.com\/fr\/wp-json\/wp\/v2\/comments?post=3753"}],"version-history":[{"count":5,"href":"https:\/\/dyerdepot.com\/fr\/wp-json\/wp\/v2\/product\/3753\/revisions"}],"predecessor-version":[{"id":4000,"href":"https:\/\/dyerdepot.com\/fr\/wp-json\/wp\/v2\/product\/3753\/revisions\/4000"}],"wp:featuredmedia":[{"embeddable":true,"href":"https:\/\/dyerdepot.com\/fr\/wp-json\/wp\/v2\/media\/3832"}],"wp:attachment":[{"href":"https:\/\/dyerdepot.com\/fr\/wp-json\/wp\/v2\/media?parent=3753"}],"wp:term":[{"taxonomy":"product_brand","embeddable":true,"href":"https:\/\/dyerdepot.com\/fr\/wp-json\/wp\/v2\/product_brand?post=3753"},{"taxonomy":"product_cat","embeddable":true,"href":"https:\/\/dyerdepot.com\/fr\/wp-json\/wp\/v2\/product_cat?post=3753"},{"taxonomy":"product_tag","embeddable":true,"href":"https:\/\/dyerdepot.com\/fr\/wp-json\/wp\/v2\/product_tag?post=3753"}],"curies":[{"name":"wp","href":"https:\/\/api.w.org\/{rel}","templated":true}]}}