{"id":3544,"date":"2026-03-06T17:14:03","date_gmt":"2026-03-06T17:14:03","guid":{"rendered":"https:\/\/dyerdepot.com\/?post_type=product&#038;p=3544"},"modified":"2026-04-20T18:57:04","modified_gmt":"2026-04-20T18:57:04","slug":"heritage-dk-copy","status":"publish","type":"product","link":"https:\/\/dyerdepot.com\/fr\/product\/heritage-dk-copy\/","title":{"rendered":"Donegal Glow"},"content":{"rendered":"<p>Un fil ludique et amusant, ce <strong data-start=\"152\" data-end=\"192\">fil fingering 4 plis (400 m \/ 100 g)<\/strong> m\u00e9lange <strong data-start=\"200\" data-end=\"267\">92% de m\u00e9rinos, 5% de neps Donegal color\u00e9s et 3% de stellina color\u00e9<\/strong> pour une base pleine de caract\u00e8re. Le fil a un <strong data-start=\"313\" data-end=\"336\">sous-ton gris doux<\/strong> qui favorise des <strong data-start=\"353\" data-end=\"381\">r\u00e9sultats de teinture riches et profonds<\/strong>, tandis que les <strong data-start=\"393\" data-end=\"441\">mouchetures Donegal dispersent de minuscules \u00e9clats de couleur<\/strong> et que le <strong data-start=\"450\" data-end=\"509\">stellina ajoute un \u00e9clat d\u00e9licat \u00e0 l&rsquo;ensemble du tissu.<\/strong> C&rsquo;est une base amusante et expressive qui transforme des coloris simples en quelque chose de textur\u00e9, vivant et plein de personnalit\u00e9.<\/p>\n","protected":false},"excerpt":{"rendered":"<p>Un fil ludique et amusant, ce fil fingering 4 plis (400 m \/ 100 g) m\u00e9lange 92% de m\u00e9rinos, 5%<\/p>\n","protected":false},"featured_media":3833,"comment_status":"closed","ping_status":"closed","template":"","meta":[],"product_brand":[],"product_cat":[243,303,244],"product_tag":[328,327,326],"class_list":{"0":"post-3544","1":"product","2":"type-product","3":"status-publish","4":"has-post-thumbnail","6":"product_cat-edition-limitee","7":"product_cat-laine-non-teinte","8":"product_cat-nouveautes","9":"product_tag-3-couleur-stellina","10":"product_tag-5-donegal","11":"product_tag-92-merinos","12":"product_shipping_class-postes-canada","14":"first","15":"instock","16":"taxable","17":"shipping-taxable","18":"purchasable","19":"product-type-simple"},"_links":{"self":[{"href":"https:\/\/dyerdepot.com\/fr\/wp-json\/wp\/v2\/product\/3544","targetHints":{"allow":["GET"]}}],"collection":[{"href":"https:\/\/dyerdepot.com\/fr\/wp-json\/wp\/v2\/product"}],"about":[{"href":"https:\/\/dyerdepot.com\/fr\/wp-json\/wp\/v2\/types\/product"}],"replies":[{"embeddable":true,"href":"https:\/\/dyerdepot.com\/fr\/wp-json\/wp\/v2\/comments?post=3544"}],"version-history":[{"count":4,"href":"https:\/\/dyerdepot.com\/fr\/wp-json\/wp\/v2\/product\/3544\/revisions"}],"predecessor-version":[{"id":3783,"href":"https:\/\/dyerdepot.com\/fr\/wp-json\/wp\/v2\/product\/3544\/revisions\/3783"}],"wp:featuredmedia":[{"embeddable":true,"href":"https:\/\/dyerdepot.com\/fr\/wp-json\/wp\/v2\/media\/3833"}],"wp:attachment":[{"href":"https:\/\/dyerdepot.com\/fr\/wp-json\/wp\/v2\/media?parent=3544"}],"wp:term":[{"taxonomy":"product_brand","embeddable":true,"href":"https:\/\/dyerdepot.com\/fr\/wp-json\/wp\/v2\/product_brand?post=3544"},{"taxonomy":"product_cat","embeddable":true,"href":"https:\/\/dyerdepot.com\/fr\/wp-json\/wp\/v2\/product_cat?post=3544"},{"taxonomy":"product_tag","embeddable":true,"href":"https:\/\/dyerdepot.com\/fr\/wp-json\/wp\/v2\/product_tag?post=3544"}],"curies":[{"name":"wp","href":"https:\/\/api.w.org\/{rel}","templated":true}]}}