{"id":3486,"date":"2026-03-05T22:32:20","date_gmt":"2026-03-05T22:32:20","guid":{"rendered":"https:\/\/dyerdepot.com\/?post_type=product&#038;p=3486"},"modified":"2026-04-20T18:57:04","modified_gmt":"2026-04-20T18:57:04","slug":"dreamy-80-20-copy","status":"publish","type":"product","link":"https:\/\/dyerdepot.com\/fr\/product\/dreamy-80-20-copy\/","title":{"rendered":"Mini Dreamy 80\/20"},"content":{"rendered":"<p data-start=\"0\" data-end=\"337\">Le <strong data-start=\"4\" data-end=\"25\">Dreamy 80\/20 Mini<\/strong> est la m\u00eame base bien-aim\u00e9e dans un <strong data-start=\"56\" data-end=\"70\">\u00e9cheveau de 20 g<\/strong>, parfait pour l&rsquo;\u00e9chantillonnage, les mini-sets et les travaux de couleur. Fil\u00e9 \u00e0 partir de <strong data-start=\"131\" data-end=\"174\">80% de laine m\u00e9rinos Superwash et de 20% de nylon<\/strong>, il offre le m\u00eame \u00e9quilibre id\u00e9al de douceur et de durabilit\u00e9, avec une construction de filature tubulaire qui cr\u00e9e une structure ronde et charnue et une excellente d\u00e9finition de la teinture. <\/p>\n<p data-start=\"339\" data-end=\"688\" data-is-last-node=\"\" data-is-only-node=\"\">Avec le m\u00eame profil de fingering lourd que l&rsquo;\u00e9cheveau complet, ce mini permet aux couleurs de se d\u00e9velopper richement tout en produisant un tissu avec un beau corps et une grande clart\u00e9 de point. Une fois teint et termin\u00e9, il s&rsquo;assouplit merveilleusement, ce qui le rend parfait pour les accents, les contrastes et les petits projets, tout en offrant les m\u00eames performances que le Dreamy 80\/20 original. <\/p>\n","protected":false},"excerpt":{"rendered":"<p><strong><span style=\"color: #ff0000;\"><a style=\"color: #ff0000;\" href=\"https:\/\/dyerdepot.com\/fr\/wholesale\/\">Vous achetez plus ? Demandez un compte En Gros ici <\/a><\/span><\/strong><\/p>\n","protected":false},"featured_media":3818,"comment_status":"closed","ping_status":"closed","template":"","meta":[],"product_brand":[],"product_cat":[239,303,232],"product_tag":[252],"class_list":{"0":"post-3486","1":"product","2":"type-product","3":"status-publish","4":"has-post-thumbnail","6":"product_cat-en-vedette","7":"product_cat-laine-non-teinte","8":"product_cat-pour-debuter","9":"product_tag-80-merinos-sw-20-nylon","10":"product_shipping_class-postes-canada","12":"first","13":"instock","14":"taxable","15":"shipping-taxable","16":"purchasable","17":"product-type-simple"},"_links":{"self":[{"href":"https:\/\/dyerdepot.com\/fr\/wp-json\/wp\/v2\/product\/3486","targetHints":{"allow":["GET"]}}],"collection":[{"href":"https:\/\/dyerdepot.com\/fr\/wp-json\/wp\/v2\/product"}],"about":[{"href":"https:\/\/dyerdepot.com\/fr\/wp-json\/wp\/v2\/types\/product"}],"replies":[{"embeddable":true,"href":"https:\/\/dyerdepot.com\/fr\/wp-json\/wp\/v2\/comments?post=3486"}],"version-history":[{"count":5,"href":"https:\/\/dyerdepot.com\/fr\/wp-json\/wp\/v2\/product\/3486\/revisions"}],"predecessor-version":[{"id":4007,"href":"https:\/\/dyerdepot.com\/fr\/wp-json\/wp\/v2\/product\/3486\/revisions\/4007"}],"wp:featuredmedia":[{"embeddable":true,"href":"https:\/\/dyerdepot.com\/fr\/wp-json\/wp\/v2\/media\/3818"}],"wp:attachment":[{"href":"https:\/\/dyerdepot.com\/fr\/wp-json\/wp\/v2\/media?parent=3486"}],"wp:term":[{"taxonomy":"product_brand","embeddable":true,"href":"https:\/\/dyerdepot.com\/fr\/wp-json\/wp\/v2\/product_brand?post=3486"},{"taxonomy":"product_cat","embeddable":true,"href":"https:\/\/dyerdepot.com\/fr\/wp-json\/wp\/v2\/product_cat?post=3486"},{"taxonomy":"product_tag","embeddable":true,"href":"https:\/\/dyerdepot.com\/fr\/wp-json\/wp\/v2\/product_tag?post=3486"}],"curies":[{"name":"wp","href":"https:\/\/api.w.org\/{rel}","templated":true}]}}