{"id":3284,"date":"2026-02-17T20:29:54","date_gmt":"2026-02-17T20:29:54","guid":{"rendered":"https:\/\/dyer.diveksdigital.com\/product\/twist-fingering\/"},"modified":"2026-04-20T18:57:02","modified_gmt":"2026-04-20T18:57:02","slug":"twist-fingering","status":"publish","type":"product","link":"https:\/\/dyerdepot.com\/fr\/product\/twist-fingering\/","title":{"rendered":"Twist Fingering"},"content":{"rendered":"<p>Fil\u00e9 \u00e0 partir de <strong data-start=\"10\" data-end=\"41\">100% de laine m\u00e9rinos extra-fine<\/strong>, ce fil pr\u00e9sente une <strong data-start=\"64\" data-end=\"98\">construction \u00e0 deux couches super-twist<\/strong> qui offre une structure, une \u00e9lasticit\u00e9 et une durabilit\u00e9 excellentes. Avec <strong data-start=\"167\" data-end=\"196\">365 m pour 100 g<\/strong>, il se situe dans la gamme id\u00e9ale de fingering, offrant une <strong data-start=\"245\" data-end=\"302\">belle d\u00e9finition des points et une absorption exceptionnelle des couleurs<\/strong>, ce qui en fait une base de choix pour les teinturiers \u00e0 la main. La torsion ferme aide les couleurs \u00e0 se d\u00e9velopper avec clart\u00e9 tout en produisant un tissu qui tient magnifiquement sa forme dans les points textur\u00e9s et lisses. Cette base polyvalente est disponible en deux poids -fingering et sport- pour convenir \u00e0 un large \u00e9ventail de projets.   <\/p>\n","protected":false},"excerpt":{"rendered":"<p><strong><span style=\"color: #ff0000;\"><a style=\"color: #ff0000;\" href=\"https:\/\/dyerdepot.com\/fr\/wholesale\/\">Vous achetez plus ? Demandez un compte En Gros ici <\/a><\/span><\/strong><\/p>\n","protected":false},"featured_media":3834,"comment_status":"closed","ping_status":"closed","template":"","meta":[],"product_brand":[],"product_cat":[303,232],"product_tag":[254],"class_list":{"0":"post-3284","1":"product","2":"type-product","3":"status-publish","4":"has-post-thumbnail","6":"product_cat-laine-non-teinte","7":"product_cat-pour-debuter","8":"product_tag-100-laine-merinos-sw","9":"product_shipping_class-postes-canada","11":"first","12":"instock","13":"taxable","14":"shipping-taxable","15":"purchasable","16":"product-type-simple"},"_links":{"self":[{"href":"https:\/\/dyerdepot.com\/fr\/wp-json\/wp\/v2\/product\/3284","targetHints":{"allow":["GET"]}}],"collection":[{"href":"https:\/\/dyerdepot.com\/fr\/wp-json\/wp\/v2\/product"}],"about":[{"href":"https:\/\/dyerdepot.com\/fr\/wp-json\/wp\/v2\/types\/product"}],"replies":[{"embeddable":true,"href":"https:\/\/dyerdepot.com\/fr\/wp-json\/wp\/v2\/comments?post=3284"}],"version-history":[{"count":3,"href":"https:\/\/dyerdepot.com\/fr\/wp-json\/wp\/v2\/product\/3284\/revisions"}],"predecessor-version":[{"id":4005,"href":"https:\/\/dyerdepot.com\/fr\/wp-json\/wp\/v2\/product\/3284\/revisions\/4005"}],"wp:featuredmedia":[{"embeddable":true,"href":"https:\/\/dyerdepot.com\/fr\/wp-json\/wp\/v2\/media\/3834"}],"wp:attachment":[{"href":"https:\/\/dyerdepot.com\/fr\/wp-json\/wp\/v2\/media?parent=3284"}],"wp:term":[{"taxonomy":"product_brand","embeddable":true,"href":"https:\/\/dyerdepot.com\/fr\/wp-json\/wp\/v2\/product_brand?post=3284"},{"taxonomy":"product_cat","embeddable":true,"href":"https:\/\/dyerdepot.com\/fr\/wp-json\/wp\/v2\/product_cat?post=3284"},{"taxonomy":"product_tag","embeddable":true,"href":"https:\/\/dyerdepot.com\/fr\/wp-json\/wp\/v2\/product_tag?post=3284"}],"curies":[{"name":"wp","href":"https:\/\/api.w.org\/{rel}","templated":true}]}}