{"id":3272,"date":"2026-01-07T13:26:40","date_gmt":"2026-01-07T13:26:40","guid":{"rendered":"https:\/\/dyer.diveksdigital.com\/product\/teintures-reactives\/"},"modified":"2026-04-20T19:21:40","modified_gmt":"2026-04-20T19:21:40","slug":"teintures-reactives","status":"publish","type":"product","link":"https:\/\/dyerdepot.com\/fr\/product\/teintures-reactives\/","title":{"rendered":"Teintures r\u00e9actives"},"content":{"rendered":"","protected":false},"excerpt":{"rendered":"<p class=\"usage\"><strong><span class=\"text-red bold\">UTILISATION POUR : <\/span><\/strong>Teinture par immersion (cuve) et processus de teinture contr\u00f4l\u00e9s n\u00e9cessitant une fixation.<br \/>\n<strong>UTILISATION SUR :<\/strong> Principalement la laine et les autres fibres prot\u00e9iques. Convient aux fibres en vrac, aux rubans, aux fils, aux tissus et aux v\u00eatements finis. <\/p>\n<p class=\"short_desc\"><strong> <\/strong><\/p>\n<p data-start=\"662\" data-end=\"1012\">Les <strong data-start=\"662\" data-end=\"699\">colorants r\u00e9actifs Dyer Depot pour la laine<\/strong> sont des teintures haute performance con\u00e7ues pour former une liaison solide avec les fibres prot\u00e9iques, produisant des nuances profondes et \u00e9clatantes d\u2019une excellente durabilit\u00e9. Ces colorants sont r\u00e9put\u00e9s pour leur forte fixation, leur bon \u00e9puisement et leur r\u00e9p\u00e9tabilit\u00e9 fiable, ce qui les rend parfaitement adapt\u00e9s aux couleurs unies comme aux travaux de coloration minutieusement contr\u00f4l\u00e9s. <\/p>\n<p data-start=\"1014\" data-end=\"1416\">Cette gamme de colorants est \u00e9quilibr\u00e9e pour assurer compatibilit\u00e9 et uniformit\u00e9 de teinture, incluant des combinaisons trichromatiques sur une large gamme d\u2019intensit\u00e9s. Les couleurs se d\u00e9veloppent de mani\u00e8re nette et pr\u00e9visible, et le syst\u00e8me est performant sur diff\u00e9rentes formes de fibres, des \u00e9cheveaux de fil aux v\u00eatements finis. Les r\u00e9sultats d\u00e9pendent de la concentration de colorant, du pH, de la temp\u00e9rature et du contr\u00f4le du processus ; un \u00e9chantillonnage est donc fortement recommand\u00e9 lorsque la pr\u00e9cision des couleurs est essentielle.  <\/p>\n<p data-start=\"1418\" data-end=\"1781\">Le type de laine et de fibre, la chimie de l\u2019eau et la technique peuvent influencer les r\u00e9sultats finaux. Pour des r\u00e9sultats constants, suivez les param\u00e8tres de teinture recommand\u00e9s et ajustez la concentration selon l\u2019intensit\u00e9 de la nuance souhait\u00e9e. Les articles finis doivent \u00eatre rinc\u00e9s et lav\u00e9s conform\u00e9ment aux directives de post-traitement appropri\u00e9es pour les colorants r\u00e9actifs sur laine.  <\/p>\n<p class=\"short_desc\"><strong> <\/strong><\/p>\n<p class=\"short_desc\">Fabriqu\u00e9 en : Italie<\/p>\n","protected":false},"featured_media":3707,"comment_status":"closed","ping_status":"closed","template":"","meta":[],"product_brand":[],"product_cat":[245,238,246],"product_tag":[],"class_list":{"0":"post-3272","1":"product","2":"type-product","3":"status-publish","4":"has-post-thumbnail","6":"product_cat-essentiels-professionnels","7":"product_cat-teintures","8":"product_cat-teintures-reactives","10":"first","11":"instock","12":"taxable","13":"shipping-taxable","14":"product-type-simple"},"_links":{"self":[{"href":"https:\/\/dyerdepot.com\/fr\/wp-json\/wp\/v2\/product\/3272","targetHints":{"allow":["GET"]}}],"collection":[{"href":"https:\/\/dyerdepot.com\/fr\/wp-json\/wp\/v2\/product"}],"about":[{"href":"https:\/\/dyerdepot.com\/fr\/wp-json\/wp\/v2\/types\/product"}],"replies":[{"embeddable":true,"href":"https:\/\/dyerdepot.com\/fr\/wp-json\/wp\/v2\/comments?post=3272"}],"version-history":[{"count":1,"href":"https:\/\/dyerdepot.com\/fr\/wp-json\/wp\/v2\/product\/3272\/revisions"}],"predecessor-version":[{"id":3710,"href":"https:\/\/dyerdepot.com\/fr\/wp-json\/wp\/v2\/product\/3272\/revisions\/3710"}],"wp:featuredmedia":[{"embeddable":true,"href":"https:\/\/dyerdepot.com\/fr\/wp-json\/wp\/v2\/media\/3707"}],"wp:attachment":[{"href":"https:\/\/dyerdepot.com\/fr\/wp-json\/wp\/v2\/media?parent=3272"}],"wp:term":[{"taxonomy":"product_brand","embeddable":true,"href":"https:\/\/dyerdepot.com\/fr\/wp-json\/wp\/v2\/product_brand?post=3272"},{"taxonomy":"product_cat","embeddable":true,"href":"https:\/\/dyerdepot.com\/fr\/wp-json\/wp\/v2\/product_cat?post=3272"},{"taxonomy":"product_tag","embeddable":true,"href":"https:\/\/dyerdepot.com\/fr\/wp-json\/wp\/v2\/product_tag?post=3272"}],"curies":[{"name":"wp","href":"https:\/\/api.w.org\/{rel}","templated":true}]}}