{"id":3169,"date":"2026-02-17T20:42:43","date_gmt":"2026-02-17T20:42:43","guid":{"rendered":"https:\/\/dyer.diveksdigital.com\/product\/chaussette-alpaga\/"},"modified":"2026-04-20T18:58:20","modified_gmt":"2026-04-20T18:58:20","slug":"chaussette-alpaga","status":"publish","type":"product","link":"https:\/\/dyerdepot.com\/fr\/product\/chaussette-alpaga\/","title":{"rendered":"Alpaca Sock"},"content":{"rendered":"<p>Un <strong data-start=\"31\" data-end=\"57\">m\u00e9lange<\/strong> durable mais luxueusement doux, fil\u00e9 avec <strong data-start=\"68\" data-end=\"114\">63 % de laine m\u00e9rinos, 11 % d&rsquo;alpaga et 26 % de nylon<\/strong>, offrant <strong data-start=\"125\" data-end=\"154\">400 m pour 100 g.<\/strong> Le m\u00e9rinos apporte de l&rsquo;\u00e9lasticit\u00e9 et une excellente absorption des teintures, l&rsquo;alpaga ajoute une chaleur douce et de la douceur, tandis que le nylon renforce le fil pour une utilisation durable. Le r\u00e9sultat est une base \u00e9quilibr\u00e9e id\u00e9ale pour des <strong data-start=\"344\" data-end=\"393\">chaussettes chaudes et confortables et des v\u00eatements de tous les jours<\/strong>, combinant une isolation douillette avec la r\u00e9sistance n\u00e9cessaire pour les tricots fr\u00e9quemment port\u00e9s.  <\/p>\n","protected":false},"excerpt":{"rendered":"<p>Un m\u00e9lange durable mais luxueusement doux, fil\u00e9 avec 63 % de laine m\u00e9rinos, 11 % d&rsquo;alpaga et 26 % de<\/p>\n","protected":false},"featured_media":3787,"comment_status":"closed","ping_status":"closed","template":"","meta":[],"product_brand":[],"product_cat":[236,243,303],"product_tag":[251],"class_list":{"0":"post-3169","1":"product","2":"type-product","3":"status-publish","4":"has-post-thumbnail","6":"product_cat-de-retour","7":"product_cat-edition-limitee","8":"product_cat-laine-non-teinte","9":"product_tag-63-laine-merinos-11-alpaga-26-nylon","10":"product_shipping_class-postes-canada","12":"first","13":"instock","14":"taxable","15":"shipping-taxable","16":"purchasable","17":"product-type-simple"},"_links":{"self":[{"href":"https:\/\/dyerdepot.com\/fr\/wp-json\/wp\/v2\/product\/3169","targetHints":{"allow":["GET"]}}],"collection":[{"href":"https:\/\/dyerdepot.com\/fr\/wp-json\/wp\/v2\/product"}],"about":[{"href":"https:\/\/dyerdepot.com\/fr\/wp-json\/wp\/v2\/types\/product"}],"replies":[{"embeddable":true,"href":"https:\/\/dyerdepot.com\/fr\/wp-json\/wp\/v2\/comments?post=3169"}],"version-history":[{"count":3,"href":"https:\/\/dyerdepot.com\/fr\/wp-json\/wp\/v2\/product\/3169\/revisions"}],"predecessor-version":[{"id":4008,"href":"https:\/\/dyerdepot.com\/fr\/wp-json\/wp\/v2\/product\/3169\/revisions\/4008"}],"wp:featuredmedia":[{"embeddable":true,"href":"https:\/\/dyerdepot.com\/fr\/wp-json\/wp\/v2\/media\/3787"}],"wp:attachment":[{"href":"https:\/\/dyerdepot.com\/fr\/wp-json\/wp\/v2\/media?parent=3169"}],"wp:term":[{"taxonomy":"product_brand","embeddable":true,"href":"https:\/\/dyerdepot.com\/fr\/wp-json\/wp\/v2\/product_brand?post=3169"},{"taxonomy":"product_cat","embeddable":true,"href":"https:\/\/dyerdepot.com\/fr\/wp-json\/wp\/v2\/product_cat?post=3169"},{"taxonomy":"product_tag","embeddable":true,"href":"https:\/\/dyerdepot.com\/fr\/wp-json\/wp\/v2\/product_tag?post=3169"}],"curies":[{"name":"wp","href":"https:\/\/api.w.org\/{rel}","templated":true}]}}