{"id":3157,"date":"2026-02-15T19:42:39","date_gmt":"2026-02-15T19:42:39","guid":{"rendered":"https:\/\/dyer.diveksdigital.com\/product\/heritage-dk\/"},"modified":"2026-04-20T19:21:41","modified_gmt":"2026-04-20T19:21:41","slug":"heritage-dk","status":"publish","type":"product","link":"https:\/\/dyerdepot.com\/fr\/product\/heritage-dk\/","title":{"rendered":"Heritage DK"},"content":{"rendered":"<p data-start=\"0\" data-end=\"278\">Le <strong data-start=\"4\" data-end=\"19\">Heritage DK<\/strong> est notre best-seller, fil\u00e9 \u00e0 partir de <strong data-start=\"60\" data-end=\"90\">100% de laine m\u00e9rinos Superwash<\/strong> dans une construction classique \u00e0 4 plis. Il offre un \u00e9quilibre parfait entre douceur et structure, avec un profil lisse et rond qui offre une excellente d\u00e9finition des points et un tissu poli et r\u00e9gulier. <\/p>\n<p data-start=\"280\" data-end=\"574\">La base m\u00e9rinos superwash prend magnifiquement la teinture, permettant aux couleurs de se d\u00e9velopper avec clart\u00e9 et profondeur dans une large gamme de techniques &#8211; des riches unis aux tonalit\u00e9s superpos\u00e9es et aux mouchetures. Doux sur la peau mais r\u00e9sistant \u00e0 l&rsquo;usure, c&rsquo;est le choix id\u00e9al pour les v\u00eatements, les accessoires et les tricots de tous les jours. <\/p>\n<p data-start=\"576\" data-end=\"748\" data-is-last-node=\"\" data-is-only-node=\"\">Avec <strong data-start=\"581\" data-end=\"600\">240 m pour 100 g<\/strong>, il se situe confortablement dans la gamme de poids DK, ce qui en fait une base polyvalente et fiable \u00e0 laquelle les teinturiers font confiance et \u00e0 laquelle les tricoteurs reviennent, projet apr\u00e8s projet.<\/p>\n","protected":false},"excerpt":{"rendered":"<p><strong><span style=\"color: #ff0000;\"><a style=\"color: #ff0000;\" href=\"https:\/\/dyerdepot.com\/fr\/wholesale\/\">Vous achetez plus ? Demandez un compte En Gros ici <\/a><\/span><\/strong><\/p>\n","protected":false},"featured_media":3836,"comment_status":"closed","ping_status":"closed","template":"","meta":[],"product_brand":[],"product_cat":[233,245,303,232],"product_tag":[254],"class_list":{"0":"post-3157","1":"product","2":"type-product","3":"status-publish","4":"has-post-thumbnail","6":"product_cat-bestseller","7":"product_cat-essentiels-professionnels","8":"product_cat-laine-non-teinte","9":"product_cat-pour-debuter","10":"product_tag-100-laine-merinos-sw","11":"product_shipping_class-postes-canada","13":"first","14":"instock","15":"taxable","16":"shipping-taxable","17":"purchasable","18":"product-type-simple"},"_links":{"self":[{"href":"https:\/\/dyerdepot.com\/fr\/wp-json\/wp\/v2\/product\/3157","targetHints":{"allow":["GET"]}}],"collection":[{"href":"https:\/\/dyerdepot.com\/fr\/wp-json\/wp\/v2\/product"}],"about":[{"href":"https:\/\/dyerdepot.com\/fr\/wp-json\/wp\/v2\/types\/product"}],"replies":[{"embeddable":true,"href":"https:\/\/dyerdepot.com\/fr\/wp-json\/wp\/v2\/comments?post=3157"}],"version-history":[{"count":4,"href":"https:\/\/dyerdepot.com\/fr\/wp-json\/wp\/v2\/product\/3157\/revisions"}],"predecessor-version":[{"id":4043,"href":"https:\/\/dyerdepot.com\/fr\/wp-json\/wp\/v2\/product\/3157\/revisions\/4043"}],"wp:featuredmedia":[{"embeddable":true,"href":"https:\/\/dyerdepot.com\/fr\/wp-json\/wp\/v2\/media\/3836"}],"wp:attachment":[{"href":"https:\/\/dyerdepot.com\/fr\/wp-json\/wp\/v2\/media?parent=3157"}],"wp:term":[{"taxonomy":"product_brand","embeddable":true,"href":"https:\/\/dyerdepot.com\/fr\/wp-json\/wp\/v2\/product_brand?post=3157"},{"taxonomy":"product_cat","embeddable":true,"href":"https:\/\/dyerdepot.com\/fr\/wp-json\/wp\/v2\/product_cat?post=3157"},{"taxonomy":"product_tag","embeddable":true,"href":"https:\/\/dyerdepot.com\/fr\/wp-json\/wp\/v2\/product_tag?post=3157"}],"curies":[{"name":"wp","href":"https:\/\/api.w.org\/{rel}","templated":true}]}}