{"id":3153,"date":"2026-02-17T17:51:45","date_gmt":"2026-02-17T17:51:45","guid":{"rendered":"https:\/\/dyer.diveksdigital.com\/product\/dreamy-80-20\/"},"modified":"2026-04-20T19:21:44","modified_gmt":"2026-04-20T19:21:44","slug":"dreamy-80-20","status":"publish","type":"product","link":"https:\/\/dyerdepot.com\/fr\/product\/dreamy-80-20\/","title":{"rendered":"Dreamy 80\/20"},"content":{"rendered":"<p>Notre best-seller de tous les temps, un fil polyvalent fil\u00e9 \u00e0 partir de <strong data-start=\"33\" data-end=\"76\">80% de laine m\u00e9rinos Superwash et 20% de nylon<\/strong>, dans une <strong data-start=\"148\" data-end=\"164\">construction tubulaire fil\u00e9e<\/strong> tr\u00e8s durable, ce qui lui conf\u00e8re une belle <strong data-start=\"190\" data-end=\"216\">structure ronde et dodue<\/strong> qui prend vraiment vie apr\u00e8s la teinture. Avec <strong data-start=\"261\" data-end=\"280\">354 m pour 100 g<\/strong>, il se situe dans la <strong data-start=\"297\" data-end=\"372\">gamme des fils de fingering lourd &#8211; l\u00e9g\u00e8rement plus \u00e9pais que la plupart des fils \u00e0 chaussettes traditionnels &#8211; ce qui <\/strong>permet de produire un tissu avec beaucoup de corps et de d\u00e9finition. Il convient aux <strong data-start=\"613\" data-end=\"665\">hauts l\u00e9gers, \u00e0 un large \u00e9ventail de v\u00eatements et d&rsquo;accessoires de tous les jours<\/strong>, et pas seulement aux chaussettes. Une fois teint et termin\u00e9, le fil se d\u00e9tend et r\u00e9v\u00e8le une douceur remarquable, ce qui en fait un excellent choix pour les teinturiers et les tricoteurs.   <\/p>\n","protected":false},"excerpt":{"rendered":"<p>Notre best-seller de tous les temps, un fil polyvalent fil\u00e9 \u00e0 partir de 80% de laine m\u00e9rinos Superwash et 20%<\/p>\n","protected":false},"featured_media":3821,"comment_status":"closed","ping_status":"closed","template":"","meta":[],"product_brand":[],"product_cat":[233,245,303,232],"product_tag":[335,334],"class_list":{"0":"post-3153","1":"product","2":"type-product","3":"status-publish","4":"has-post-thumbnail","6":"product_cat-bestseller","7":"product_cat-essentiels-professionnels","8":"product_cat-laine-non-teinte","9":"product_cat-pour-debuter","10":"product_tag-20-nylon","11":"product_tag-80-merinos-sw","12":"product_shipping_class-postes-canada","14":"first","15":"instock","16":"taxable","17":"shipping-taxable","18":"purchasable","19":"product-type-simple"},"_links":{"self":[{"href":"https:\/\/dyerdepot.com\/fr\/wp-json\/wp\/v2\/product\/3153","targetHints":{"allow":["GET"]}}],"collection":[{"href":"https:\/\/dyerdepot.com\/fr\/wp-json\/wp\/v2\/product"}],"about":[{"href":"https:\/\/dyerdepot.com\/fr\/wp-json\/wp\/v2\/types\/product"}],"replies":[{"embeddable":true,"href":"https:\/\/dyerdepot.com\/fr\/wp-json\/wp\/v2\/comments?post=3153"}],"version-history":[{"count":3,"href":"https:\/\/dyerdepot.com\/fr\/wp-json\/wp\/v2\/product\/3153\/revisions"}],"predecessor-version":[{"id":4044,"href":"https:\/\/dyerdepot.com\/fr\/wp-json\/wp\/v2\/product\/3153\/revisions\/4044"}],"wp:featuredmedia":[{"embeddable":true,"href":"https:\/\/dyerdepot.com\/fr\/wp-json\/wp\/v2\/media\/3821"}],"wp:attachment":[{"href":"https:\/\/dyerdepot.com\/fr\/wp-json\/wp\/v2\/media?parent=3153"}],"wp:term":[{"taxonomy":"product_brand","embeddable":true,"href":"https:\/\/dyerdepot.com\/fr\/wp-json\/wp\/v2\/product_brand?post=3153"},{"taxonomy":"product_cat","embeddable":true,"href":"https:\/\/dyerdepot.com\/fr\/wp-json\/wp\/v2\/product_cat?post=3153"},{"taxonomy":"product_tag","embeddable":true,"href":"https:\/\/dyerdepot.com\/fr\/wp-json\/wp\/v2\/product_tag?post=3153"}],"curies":[{"name":"wp","href":"https:\/\/api.w.org\/{rel}","templated":true}]}}