{"id":3149,"date":"2026-02-17T20:20:04","date_gmt":"2026-02-17T20:20:04","guid":{"rendered":"https:\/\/dyer.diveksdigital.com\/product\/confort-douillet\/"},"modified":"2026-04-20T19:21:45","modified_gmt":"2026-04-20T19:21:45","slug":"confort-douillet","status":"publish","type":"product","link":"https:\/\/dyerdepot.com\/fr\/product\/confort-douillet\/","title":{"rendered":"Cozy Comfort"},"content":{"rendered":"<p>V\u00e9ritable fil de confort fil\u00e9 \u00e0 partir de <strong data-start=\"30\" data-end=\"61\">m\u00e9rinos extra-fin de 19 microns<\/strong>, cette <strong data-start=\"68\" data-end=\"90\">base peign\u00e9e 3 plis<\/strong> offre un \u00e9quilibre parfait entre douceur, gonflant et structure. Avec <strong data-start=\"157\" data-end=\"186\">200 m pour 100 g<\/strong>, il cr\u00e9e un tissu moelleux et chaud tout en conservant une belle d\u00e9finition des points et une excellente absorption des teintures. La finesse du m\u00e9rinos rend le fil exceptionnellement doux au contact de la peau, ce qui le rend id\u00e9al pour les v\u00eatements et les accessoires qui demandent <strong data-start=\"419\" data-end=\"464\">plus de chaleur sans sacrifier la douceur<\/strong>. Un choix fiable pour les pulls, les bonnets et les tricots d&rsquo;hiver confortables.   <\/p>\n","protected":false},"excerpt":{"rendered":"<p><strong><span style=\"color: #ff0000;\"><a style=\"color: #ff0000;\" href=\"https:\/\/dyerdepot.com\/fr\/wholesale\/\">Vous achetez plus ? Demandez un compte En Gros ici <\/a><\/span><\/strong><\/p>\n","protected":false},"featured_media":3835,"comment_status":"closed","ping_status":"closed","template":"","meta":[],"product_brand":[],"product_cat":[233,245,303,232],"product_tag":[253],"class_list":{"0":"post-3149","1":"product","2":"type-product","3":"status-publish","4":"has-post-thumbnail","6":"product_cat-bestseller","7":"product_cat-essentiels-professionnels","8":"product_cat-laine-non-teinte","9":"product_cat-pour-debuter","10":"product_tag-100-merinos-extra-fin","11":"product_shipping_class-postes-canada","13":"first","14":"instock","15":"taxable","16":"shipping-taxable","17":"purchasable","18":"product-type-simple"},"_links":{"self":[{"href":"https:\/\/dyerdepot.com\/fr\/wp-json\/wp\/v2\/product\/3149","targetHints":{"allow":["GET"]}}],"collection":[{"href":"https:\/\/dyerdepot.com\/fr\/wp-json\/wp\/v2\/product"}],"about":[{"href":"https:\/\/dyerdepot.com\/fr\/wp-json\/wp\/v2\/types\/product"}],"replies":[{"embeddable":true,"href":"https:\/\/dyerdepot.com\/fr\/wp-json\/wp\/v2\/comments?post=3149"}],"version-history":[{"count":3,"href":"https:\/\/dyerdepot.com\/fr\/wp-json\/wp\/v2\/product\/3149\/revisions"}],"predecessor-version":[{"id":4045,"href":"https:\/\/dyerdepot.com\/fr\/wp-json\/wp\/v2\/product\/3149\/revisions\/4045"}],"wp:featuredmedia":[{"embeddable":true,"href":"https:\/\/dyerdepot.com\/fr\/wp-json\/wp\/v2\/media\/3835"}],"wp:attachment":[{"href":"https:\/\/dyerdepot.com\/fr\/wp-json\/wp\/v2\/media?parent=3149"}],"wp:term":[{"taxonomy":"product_brand","embeddable":true,"href":"https:\/\/dyerdepot.com\/fr\/wp-json\/wp\/v2\/product_brand?post=3149"},{"taxonomy":"product_cat","embeddable":true,"href":"https:\/\/dyerdepot.com\/fr\/wp-json\/wp\/v2\/product_cat?post=3149"},{"taxonomy":"product_tag","embeddable":true,"href":"https:\/\/dyerdepot.com\/fr\/wp-json\/wp\/v2\/product_tag?post=3149"}],"curies":[{"name":"wp","href":"https:\/\/api.w.org\/{rel}","templated":true}]}}