{"id":3147,"date":"2025-09-03T12:34:02","date_gmt":"2025-09-03T12:34:02","guid":{"rendered":"https:\/\/dyer.diveksdigital.com\/product\/ruban-de-laine-merinos\/"},"modified":"2025-09-03T12:34:02","modified_gmt":"2025-09-03T12:34:02","slug":"ruban-de-laine-merinos","status":"publish","type":"product","link":"https:\/\/dyerdepot.com\/fr\/product\/ruban-de-laine-merinos\/","title":{"rendered":"Ruban de laine m\u00e9rinos"},"content":{"rendered":"<p>Prix par 200 g<\/p>\n<p>Composition : 100 % Laine M\u00e9rinos. 19 microns<br \/>\nPoids : 200 g (7 oz)<\/p>\n<p>Notre ruban de laine m\u00e9rinos est un ruban de laine continu. Nous pr\u00e9parerons un seul ruban pour vous en fonction du poids que vous commandez, par tranches de 200 g.<\/p>\n<p><em>Les fils en stock sont g\u00e9n\u00e9ralement exp\u00e9di\u00e9s sous 48 heures, sauf les week-ends.<br \/>\nLes frais d\u2019exp\u00e9dition et de transport sont calcul\u00e9s au moment du paiement en fonction du poids r\u00e9el des marchandises et de la destination de livraison.<br \/>\nLe d\u00e9lai et les services d\u2019exp\u00e9dition peuvent varier pour chaque destination. <\/em><\/p>\n","protected":false},"excerpt":{"rendered":"<p>Prix par 200 g Composition : 100 % Laine M\u00e9rinos. 19 microns Poids : 200 g (7 oz) Notre ruban<\/p>\n","protected":false},"featured_media":0,"comment_status":"closed","ping_status":"open","template":"","meta":[],"product_brand":[],"product_cat":[247],"product_tag":[267,268,261,266],"class_list":{"0":"post-3147","1":"product","2":"type-product","3":"status-publish","5":"product_cat-laine-a-teindre","6":"product_tag-filature","7":"product_tag-la-laine","8":"product_tag-merino","9":"product_tag-roving","11":"first","12":"instock","13":"taxable","14":"shipping-taxable","15":"purchasable","16":"product-type-simple"},"_links":{"self":[{"href":"https:\/\/dyerdepot.com\/fr\/wp-json\/wp\/v2\/product\/3147","targetHints":{"allow":["GET"]}}],"collection":[{"href":"https:\/\/dyerdepot.com\/fr\/wp-json\/wp\/v2\/product"}],"about":[{"href":"https:\/\/dyerdepot.com\/fr\/wp-json\/wp\/v2\/types\/product"}],"replies":[{"embeddable":true,"href":"https:\/\/dyerdepot.com\/fr\/wp-json\/wp\/v2\/comments?post=3147"}],"version-history":[{"count":0,"href":"https:\/\/dyerdepot.com\/fr\/wp-json\/wp\/v2\/product\/3147\/revisions"}],"wp:attachment":[{"href":"https:\/\/dyerdepot.com\/fr\/wp-json\/wp\/v2\/media?parent=3147"}],"wp:term":[{"taxonomy":"product_brand","embeddable":true,"href":"https:\/\/dyerdepot.com\/fr\/wp-json\/wp\/v2\/product_brand?post=3147"},{"taxonomy":"product_cat","embeddable":true,"href":"https:\/\/dyerdepot.com\/fr\/wp-json\/wp\/v2\/product_cat?post=3147"},{"taxonomy":"product_tag","embeddable":true,"href":"https:\/\/dyerdepot.com\/fr\/wp-json\/wp\/v2\/product_tag?post=3147"}],"curies":[{"name":"wp","href":"https:\/\/api.w.org\/{rel}","templated":true}]}}