{"id":3001,"date":"2023-04-20T11:47:35","date_gmt":"2023-04-20T11:47:35","guid":{"rendered":"https:\/\/dyer.diveksdigital.com\/about-us\/"},"modified":"2026-03-08T03:28:15","modified_gmt":"2026-03-08T03:28:15","slug":"about-us","status":"publish","type":"page","link":"https:\/\/dyerdepot.com\/fr\/about-us\/","title":{"rendered":"\u00c0 propos"},"content":{"rendered":"\t\t<div data-elementor-type=\"wp-page\" data-elementor-id=\"3001\" class=\"elementor elementor-3001 elementor-31\" data-elementor-post-type=\"page\">\n\t\t\t\t<div class=\"wd-negative-gap elementor-element elementor-element-277876a e-flex e-con-boxed e-con e-parent\" data-id=\"277876a\" data-element_type=\"container\" data-e-type=\"container\">\n\t\t\t\t\t<div class=\"e-con-inner\">\n\t\t<div class=\"elementor-element elementor-element-fc48cc0 e-con-full e-flex e-con e-child\" data-id=\"fc48cc0\" data-element_type=\"container\" data-e-type=\"container\">\n\t\t\t\t<div class=\"elementor-element elementor-element-964ea49 wd-width-100 elementor-widget elementor-widget-wd_images_gallery\" data-id=\"964ea49\" data-element_type=\"widget\" data-e-type=\"widget\" data-widget_type=\"wd_images_gallery.default\">\n\t\t\t\t<div class=\"elementor-widget-container\">\n\t\t\t\t\t\t\t<div class=\"wd-images-gallery photoswipe-images\" style=\"--wd-align-items:center; --wd-justify-content:center;\">\n\t\t\t\t\t\t<div class=\"wd-grid-g\" style=\"--wd-col-lg:2;--wd-col-md:2;--wd-col-sm:2;--wd-gap-lg:20px;--wd-gap-sm:10px;\" >\n\t\t\t\t\t\t\t\t\t\t\t\t\t\t\t\t\t\t<div class=\"wd-gallery-item wd-col\">\n\t\t\t\t\t\t\t\t\t\t\t\t\t<a  href=\"https:\/\/dyerdepot.com\/wp-content\/uploads\/2026\/01\/1889-1.png\" data-width=\"2000\" data-height=\"1334\" data-index=\"1\" data-elementor-open-lightbox=\"no\">\n\t\t\t\t\t\t\n\t\t\t\t\t\t<img loading=\"lazy\" decoding=\"async\" width=\"2000\" height=\"1334\" src=\"https:\/\/dyerdepot.com\/wp-content\/uploads\/2026\/01\/1889-1.png\" class=\"attachment-full size-full\" alt=\"1889-1.png\" srcset=\"https:\/\/dyerdepot.com\/wp-content\/uploads\/2026\/01\/1889-1.png 2000w, https:\/\/dyerdepot.com\/wp-content\/uploads\/2026\/01\/1889-1-150x100.png 150w, https:\/\/dyerdepot.com\/wp-content\/uploads\/2026\/01\/1889-1-1200x800.png 1200w, https:\/\/dyerdepot.com\/wp-content\/uploads\/2026\/01\/1889-1-768x512.png 768w, https:\/\/dyerdepot.com\/wp-content\/uploads\/2026\/01\/1889-1-1536x1025.png 1536w\" sizes=\"auto, (max-width: 2000px) 100vw, 2000px\" \/>\n\t\t\t\t\t\t\t\t\t\t\t\t\t<\/a>\n\t\t\t\t\t\t\t\t\t\t\t<\/div>\n\t\t\t\t\t\t\t\t\t\t\t\t\t\t\t<div class=\"wd-gallery-item wd-col\">\n\t\t\t\t\t\t\t\t\t\t\t\t\t<a  href=\"https:\/\/dyerdepot.com\/wp-content\/uploads\/2026\/01\/cotton-textile-products-villagers-northern-thailand_49059-328-1.jpg.webp\" data-width=\"1380\" data-height=\"920\" data-index=\"2\" data-elementor-open-lightbox=\"no\">\n\t\t\t\t\t\t\n\t\t\t\t\t\t<img loading=\"lazy\" decoding=\"async\" width=\"1380\" height=\"920\" src=\"https:\/\/dyerdepot.com\/wp-content\/uploads\/2026\/01\/cotton-textile-products-villagers-northern-thailand_49059-328-1.jpg.webp\" class=\"attachment-full size-full\" alt=\"cotton-textile-products-villagers-northern-thailand_49059-328-1.jpg.webp\" srcset=\"https:\/\/dyerdepot.com\/wp-content\/uploads\/2026\/01\/cotton-textile-products-villagers-northern-thailand_49059-328-1.jpg.webp 1380w, https:\/\/dyerdepot.com\/wp-content\/uploads\/2026\/01\/cotton-textile-products-villagers-northern-thailand_49059-328-1.jpg-150x100.webp 150w, https:\/\/dyerdepot.com\/wp-content\/uploads\/2026\/01\/cotton-textile-products-villagers-northern-thailand_49059-328-1.jpg-1200x800.webp 1200w, https:\/\/dyerdepot.com\/wp-content\/uploads\/2026\/01\/cotton-textile-products-villagers-northern-thailand_49059-328-1.jpg-768x512.webp 768w\" sizes=\"auto, (max-width: 1380px) 100vw, 1380px\" \/>\n\t\t\t\t\t\t\t\t\t\t\t\t\t<\/a>\n\t\t\t\t\t\t\t\t\t\t\t<\/div>\n\t\t\t\t\t\t\t\t\t\t\t\t\t<\/div>\n\t\t\t\t\t<\/div>\n\t\t\t\t\t\t<\/div>\n\t\t\t\t<\/div>\n\t\t\t\t<\/div>\n\t\t<div class=\"elementor-element elementor-element-a6f8539 e-con-full e-flex e-con e-child\" data-id=\"a6f8539\" data-element_type=\"container\" data-e-type=\"container\">\n\t\t\t\t<div class=\"elementor-element elementor-element-551044c wd-width-100 elementor-widget elementor-widget-wd_title\" data-id=\"551044c\" data-element_type=\"widget\" data-e-type=\"widget\" data-widget_type=\"wd_title.default\">\n\t\t\t\t<div class=\"elementor-widget-container\">\n\t\t\t\t\t\t\t<div class=\"title-wrapper wd-set-mb reset-last-child wd-title-color-default wd-title-style-default wd-title-size-large text-left\">\n\n\t\t\t\n\t\t\t<div class=\"liner-continer\">\n\t\t\t\t<h4 class=\"woodmart-title-container title wd-fontsize-xxl\">\u00c0 propos de Nous<\/h4> \n\t\t\t\t\t\t\t<\/div>\n\n\t\t\t\t\t<\/div>\n\t\t\t\t\t\t<\/div>\n\t\t\t\t<\/div>\n\t\t\t\t<div class=\"elementor-element elementor-element-55186f4 elementor-widget elementor-widget-wd_text_block\" data-id=\"55186f4\" data-element_type=\"widget\" data-e-type=\"widget\" data-widget_type=\"wd_text_block.default\">\n\t\t\t\t<div class=\"elementor-widget-container\">\n\t\t\t\t\t\t\t<div class=\"wd-text-block reset-last-child text-left\">\n\t\t\t\n\t\t\t<p>Teinturier Depot Inc est une entreprise canadienne familiale bas\u00e9e \u00e0 Montr\u00e9al, Qu\u00e9bec, sp\u00e9cialis\u00e9e dans la fourniture de fils non teints, de fibres naturelles et de teintures professionnelles pour les passionn\u00e9s de textile, les teinturiers \u00e0 la main, les petits ateliers et les entreprises \u00e0 travers l\u2019Am\u00e9rique du Nord.<\/p><p>Fond\u00e9e par d\u2019anciens teinturiers artisanaux, l\u2019entreprise repose sur une compr\u00e9hension directe du m\u00e9tier ainsi que sur la pr\u00e9cision technique n\u00e9cessaire \u00e0 une teinture professionnelle. Notre objectif est d\u2019offrir des mat\u00e9riaux fiables, une qualit\u00e9 constante et un service attentif.<\/p>\n\t\t\t\t\t<\/div>\n\t\t\t\t\t\t<\/div>\n\t\t\t\t<\/div>\n\t\t\t\t<\/div>\n\t\t\t\t\t<\/div>\n\t\t\t\t<\/div>\n\t\t<div class=\"wd-negative-gap elementor-element elementor-element-3f5a087 e-flex e-con-boxed e-con e-parent\" data-id=\"3f5a087\" data-element_type=\"container\" data-e-type=\"container\">\n\t\t\t\t\t<div class=\"e-con-inner\">\n\t\t<div class=\"elementor-element elementor-element-9a3fe35 e-con-full e-flex e-con e-child\" data-id=\"9a3fe35\" data-element_type=\"container\" data-e-type=\"container\">\n\t\t\t\t<div class=\"elementor-element elementor-element-a77faa0 wd-width-100 elementor-widget elementor-widget-wd_title\" data-id=\"a77faa0\" data-element_type=\"widget\" data-e-type=\"widget\" data-widget_type=\"wd_title.default\">\n\t\t\t\t<div class=\"elementor-widget-container\">\n\t\t\t\t\t\t\t<div class=\"title-wrapper wd-set-mb reset-last-child wd-title-color-default wd-title-style-default wd-title-size-large text-left\">\n\n\t\t\t\n\t\t\t<div class=\"liner-continer\">\n\t\t\t\t<h4 class=\"woodmart-title-container title wd-fontsize-xxl\">Notre Histoire<\/h4> \n\t\t\t\t\t\t\t<\/div>\n\n\t\t\t\t\t\t\t<div class=\"title-after_title reset-last-child wd-fontsize-s\">\n\t\t\t\t\t<p>Nous avons fond\u00e9 Dyer Depot apr\u00e8s plusieurs ann\u00e9es \u00e0 travailler comme teinturiers ind\u00e9pendants et \u00e0 constater les difficult\u00e9s que rencontrent les petits ateliers pour trouver des bases de fils fiables. Ce qui a commenc\u00e9 comme une solution pratique pour r\u00e9pondre \u00e0 nos propres besoins est devenu un partenaire d\u2019approvisionnement de confiance pour les teinturiers et les entreprises du monde des fibres partout au Canada et aux \u00c9tats-Unis.<\/p><p>L\u2019entreprise demeure familiale, et chaque commande ainsi que chaque partenariat est g\u00e9r\u00e9 personnellement par notre famille fondatrice. La prochaine g\u00e9n\u00e9ration, men\u00e9e par notre fils Nikola, joue maintenant un r\u00f4le actif dans les op\u00e9rations et le service \u00e0 la client\u00e8le, poursuivant notre engagement envers un service personnalis\u00e9 et une fiabilit\u00e9 \u00e0 long terme.<\/p>\t\t\t\t<\/div>\n\t\t\t\t\t<\/div>\n\t\t\t\t\t\t<\/div>\n\t\t\t\t<\/div>\n\t\t\t\t<\/div>\n\t\t<div class=\"elementor-element elementor-element-caed95e e-con-full e-flex e-con e-child\" data-id=\"caed95e\" data-element_type=\"container\" data-e-type=\"container\">\n\t\t<div class=\"elementor-element elementor-element-64d4ee1 e-con-full e-flex e-con e-child\" data-id=\"64d4ee1\" data-element_type=\"container\" data-e-type=\"container\" data-settings=\"{&quot;background_background&quot;:&quot;classic&quot;}\">\n\t\t\t\t<div class=\"elementor-element elementor-element-a1dd2a1 wd-width-100 elementor-widget elementor-widget-wd_title\" data-id=\"a1dd2a1\" data-element_type=\"widget\" data-e-type=\"widget\" data-widget_type=\"wd_title.default\">\n\t\t\t\t<div class=\"elementor-widget-container\">\n\t\t\t\t\t\t\t<div class=\"title-wrapper wd-set-mb reset-last-child wd-title-color-white wd-title-style-default wd-title-size-large text-center\">\n\n\t\t\t\t\t\t\t\t\t\t\t<div class=\"title-subtitle subtitle-color-white subtitle-style-default wd-fontsize-xs\">\n\t\t\t\t\tFamily-Operated\t\t\t\t<\/div>\n\t\t\t\n\t\t\t<div class=\"liner-continer\">\n\t\t\t\t<h4 class=\"woodmart-title-container title wd-fontsize-xxl\">How we start our business<\/h4> \n\t\t\t\t\t\t\t<\/div>\n\n\t\t\t\t\t<\/div>\n\t\t\t\t\t\t<\/div>\n\t\t\t\t<\/div>\n\t\t\t\t<\/div>\n\t\t\t\t<\/div>\n\t\t\t\t\t<\/div>\n\t\t\t\t<\/div>\n\t\t<div class=\"wd-negative-gap elementor-element elementor-element-edf8036 e-flex e-con-boxed e-con e-parent\" data-id=\"edf8036\" data-element_type=\"container\" data-e-type=\"container\">\n\t\t\t\t\t<div class=\"e-con-inner\">\n\t\t<div class=\"elementor-element elementor-element-065e8c2 e-con-full e-flex e-con e-child\" data-id=\"065e8c2\" data-element_type=\"container\" data-e-type=\"container\">\n\t\t<div class=\"elementor-element elementor-element-cfe98c4 e-con-full e-flex e-con e-child\" data-id=\"cfe98c4\" data-element_type=\"container\" data-e-type=\"container\" data-settings=\"{&quot;background_background&quot;:&quot;classic&quot;}\">\n\t\t\t\t<div class=\"elementor-element elementor-element-2e050dc wd-width-100 elementor-widget elementor-widget-wd_title\" data-id=\"2e050dc\" data-element_type=\"widget\" data-e-type=\"widget\" data-widget_type=\"wd_title.default\">\n\t\t\t\t<div class=\"elementor-widget-container\">\n\t\t\t\t\t\t\t<div class=\"title-wrapper wd-set-mb reset-last-child wd-title-color-white wd-title-style-default wd-title-size-large text-center\">\n\n\t\t\t\t\t\t\t\t\t\t\t<div class=\"title-subtitle subtitle-color-white subtitle-style-default wd-fontsize-xs\">\n\t\t\t\t\tWarehouse inventory\t\t\t\t<\/div>\n\t\t\t\n\t\t\t<div class=\"liner-continer\">\n\t\t\t\t<h4 class=\"woodmart-title-container title wd-fontsize-xxl\">Based in Montr\u00e9al, Canada<\/h4> \n\t\t\t\t\t\t\t<\/div>\n\n\t\t\t\t\t<\/div>\n\t\t\t\t\t\t<\/div>\n\t\t\t\t<\/div>\n\t\t\t\t<\/div>\n\t\t\t\t<\/div>\n\t\t<div class=\"elementor-element elementor-element-0c6bd1d e-con-full e-flex e-con e-child\" data-id=\"0c6bd1d\" data-element_type=\"container\" data-e-type=\"container\">\n\t\t\t\t<div class=\"elementor-element elementor-element-5b3c76f wd-width-100 elementor-widget elementor-widget-wd_title\" data-id=\"5b3c76f\" data-element_type=\"widget\" data-e-type=\"widget\" data-widget_type=\"wd_title.default\">\n\t\t\t\t<div class=\"elementor-widget-container\">\n\t\t\t\t\t\t\t<div class=\"title-wrapper wd-set-mb reset-last-child wd-title-color-default wd-title-style-default wd-title-size-large text-left\">\n\n\t\t\t\n\t\t\t<div class=\"liner-continer\">\n\t\t\t\t<h4 class=\"woodmart-title-container title wd-fontsize-xxl\">Nos op\u00e9rations<\/h4> \n\t\t\t\t\t\t\t<\/div>\n\n\t\t\t\t\t\t\t<div class=\"title-after_title reset-last-child wd-fontsize-s\">\n\t\t\t\t\t<p>Notre entrep\u00f4t \u00e0 Montr\u00e9al dispose d\u2019un inventaire important, ce qui nous permet d\u2019exp\u00e9dier la plupart des commandes dans un d\u00e9lai de 48 heures.<\/p><p>Nous offrons :<\/p><ul><li>des prix de gros et des rabais de volume<\/li><li>des modalit\u00e9s de paiement flexibles pour les comptes approuv\u00e9s<\/li><li>des fils fil\u00e9s sur mesure pour les clients professionnels<\/li><\/ul><p>Chaque \u00e9tape \u2014 de l\u2019approvisionnement \u00e0 l\u2019emballage \u2014 est g\u00e9r\u00e9e \u00e0 l\u2019interne, afin d\u2019assurer un contr\u00f4le complet et une responsabilit\u00e9 \u00e0 chaque niveau.<\/p>\t\t\t\t<\/div>\n\t\t\t\t\t<\/div>\n\t\t\t\t\t\t<\/div>\n\t\t\t\t<\/div>\n\t\t\t\t<\/div>\n\t\t\t\t\t<\/div>\n\t\t\t\t<\/div>\n\t\t<div class=\"wd-negative-gap elementor-element elementor-element-9f17513 e-flex e-con-boxed e-con e-parent\" data-id=\"9f17513\" data-element_type=\"container\" data-e-type=\"container\">\n\t\t\t\t\t<div class=\"e-con-inner\">\n\t\t<div class=\"elementor-element elementor-element-51b05b2 e-con-full e-flex e-con e-child\" data-id=\"51b05b2\" data-element_type=\"container\" data-e-type=\"container\">\n\t\t<div class=\"elementor-element elementor-element-772f3d7 e-con-full e-flex e-con e-child\" data-id=\"772f3d7\" data-element_type=\"container\" data-e-type=\"container\" data-settings=\"{&quot;background_background&quot;:&quot;classic&quot;}\">\n\t\t\t\t<div class=\"elementor-element elementor-element-3142942 wd-width-100 elementor-widget elementor-widget-wd_title\" data-id=\"3142942\" data-element_type=\"widget\" data-e-type=\"widget\" data-widget_type=\"wd_title.default\">\n\t\t\t\t<div class=\"elementor-widget-container\">\n\t\t\t\t\t\t\t<div class=\"title-wrapper wd-set-mb reset-last-child wd-title-color-white wd-title-style-default wd-title-size-large text-center\">\n\n\t\t\t\t\t\t\t\t\t\t\t<div class=\"title-subtitle subtitle-color-white subtitle-style-default wd-fontsize-xs\">\n\t\t\t\t\tWarehouse inventory\t\t\t\t<\/div>\n\t\t\t\n\t\t\t<div class=\"liner-continer\">\n\t\t\t\t<h4 class=\"woodmart-title-container title wd-fontsize-xxl\">Based in Montr\u00e9al, Canada<\/h4> \n\t\t\t\t\t\t\t<\/div>\n\n\t\t\t\t\t<\/div>\n\t\t\t\t\t\t<\/div>\n\t\t\t\t<\/div>\n\t\t\t\t<\/div>\n\t\t\t\t<div class=\"elementor-element elementor-element-76cb306 wd-width-100 elementor-widget elementor-widget-wd_title\" data-id=\"76cb306\" data-element_type=\"widget\" data-e-type=\"widget\" data-widget_type=\"wd_title.default\">\n\t\t\t\t<div class=\"elementor-widget-container\">\n\t\t\t\t\t\t\t<div class=\"title-wrapper wd-set-mb reset-last-child wd-title-color-default wd-title-style-default wd-title-size-large text-left\">\n\n\t\t\t\n\t\t\t<div class=\"liner-continer\">\n\t\t\t\t<h4 class=\"woodmart-title-container title wd-fontsize-xxl\">Our Operations<\/h4> \n\t\t\t\t\t\t\t<\/div>\n\n\t\t\t\t\t\t\t<div class=\"title-after_title reset-last-child wd-fontsize-s\">\n\t\t\t\t\t<p>Our\u00a0<strong>warehouse in Montr\u00e9al<\/strong>\u00a0holds substantial inventory, enabling us to fulfill most orders within\u00a0<strong>48 hours<\/strong>.<br \/>We offer:<\/p><ul><li><p><strong>Bulk pricing<\/strong>\u00a0and volume discounts<\/p><\/li><li><p><strong>Flexible payment terms<\/strong>\u00a0for approved accounts<\/p><\/li><li><p><strong>Custom-milled yarns<\/strong>\u00a0for professional customers<\/p><\/li><\/ul><p>Every process\u2014from sourcing to packing\u2014is managed in-house for full oversight and accountability.<\/p>\t\t\t\t<\/div>\n\t\t\t\t\t<\/div>\n\t\t\t\t\t\t<\/div>\n\t\t\t\t<\/div>\n\t\t\t\t<\/div>\n\t\t\t\t\t<\/div>\n\t\t\t\t<\/div>\n\t\t<div class=\"wd-negative-gap elementor-element elementor-element-66761ea wd-collapsible-content e-flex e-con-boxed e-con e-parent\" data-id=\"66761ea\" data-element_type=\"container\" data-e-type=\"container\">\n\t\t\t\t\t<div class=\"e-con-inner\">\n\t\t\t\t<div class=\"elementor-element elementor-element-fa0a7d9 elementor-widget elementor-widget-wd_button\" data-id=\"fa0a7d9\" data-element_type=\"widget\" data-e-type=\"widget\" data-widget_type=\"wd_button.default\">\n\t\t\t\t<div class=\"elementor-widget-container\">\n\t\t\t\t\t\t\t<div class=\"wd-button-wrapper text-left wd-collapsible-button\" >\n\t\t\t<a class=\"btn btn-style-link btn-shape- btn-size-default btn-color-primary btn-icon-pos-right\"  href=\"#\">\n\t\t\t\t<span class=\"wd-btn-text\" data-elementor-setting-key=\"text\">\n\t\t\t\t\tRead More\t\t\t\t<\/span>\n\n\t\t\t\t\t\t\t<\/a>\n\t\t<\/div>\n\t\t\t\t\t\t<\/div>\n\t\t\t\t<\/div>\n\t\t\t\t\t<\/div>\n\t\t\t\t<\/div>\n\t\t\t\t<\/div>\n\t\t","protected":false},"excerpt":{"rendered":"<p>\u00c0 propos de Nous Teinturier Depot Inc est une entreprise canadienne familiale bas\u00e9e \u00e0 Montr\u00e9al, Qu\u00e9bec, sp\u00e9cialis\u00e9e dans la fourniture<\/p>\n","protected":false},"author":1,"featured_media":0,"parent":0,"menu_order":0,"comment_status":"closed","ping_status":"closed","template":"","meta":{"footnotes":""},"class_list":["post-3001","page","type-page","status-publish","hentry"],"_links":{"self":[{"href":"https:\/\/dyerdepot.com\/fr\/wp-json\/wp\/v2\/pages\/3001","targetHints":{"allow":["GET"]}}],"collection":[{"href":"https:\/\/dyerdepot.com\/fr\/wp-json\/wp\/v2\/pages"}],"about":[{"href":"https:\/\/dyerdepot.com\/fr\/wp-json\/wp\/v2\/types\/page"}],"author":[{"embeddable":true,"href":"https:\/\/dyerdepot.com\/fr\/wp-json\/wp\/v2\/users\/1"}],"replies":[{"embeddable":true,"href":"https:\/\/dyerdepot.com\/fr\/wp-json\/wp\/v2\/comments?post=3001"}],"version-history":[{"count":8,"href":"https:\/\/dyerdepot.com\/fr\/wp-json\/wp\/v2\/pages\/3001\/revisions"}],"predecessor-version":[{"id":3759,"href":"https:\/\/dyerdepot.com\/fr\/wp-json\/wp\/v2\/pages\/3001\/revisions\/3759"}],"wp:attachment":[{"href":"https:\/\/dyerdepot.com\/fr\/wp-json\/wp\/v2\/media?parent=3001"}],"curies":[{"name":"wp","href":"https:\/\/api.w.org\/{rel}","templated":true}]}}